{"id":4524,"date":"2025-01-30T22:03:45","date_gmt":"2025-01-31T03:03:45","guid":{"rendered":"https:\/\/cvillerha.com\/?page_id=4524"},"modified":"2025-01-30T22:19:01","modified_gmt":"2025-01-31T03:19:01","slug":"parallel-track","status":"publish","type":"page","link":"https:\/\/cvillerha.com\/vi\/parallel-track\/","title":{"rendered":"\u0110\u01b0\u1eddng ray song song"},"content":{"rendered":"<div data-elementor-type=\"wp-page\" data-elementor-id=\"4524\" class=\"elementor elementor-4524\" data-elementor-post-type=\"page\">\n\t\t\t\t\t\t<section class=\"elementor-section elementor-top-section elementor-element elementor-element-a7a6c14 elementor-section-boxed elementor-section-height-default elementor-section-height-default\" data-id=\"a7a6c14\" data-element_type=\"section\" data-e-type=\"section\">\n\t\t\t\t\t\t<div class=\"elementor-container elementor-column-gap-default\">\n\t\t\t\t\t<div class=\"elementor-column elementor-col-100 elementor-top-column elementor-element elementor-element-21a1610\" data-id=\"21a1610\" data-element_type=\"column\" data-e-type=\"column\">\n\t\t\t<div class=\"elementor-widget-wrap elementor-element-populated\">\n\t\t\t\t\t\t<div class=\"elementor-element elementor-element-539f90f elementor-widget elementor-widget-image\" data-id=\"539f90f\" data-element_type=\"widget\" data-e-type=\"widget\" data-widget_type=\"image.default\">\n\t\t\t\t<div class=\"elementor-widget-container\">\n\t\t\t\t\t\t\t\t\t\t\t\t\t\t\t<img fetchpriority=\"high\" decoding=\"async\" width=\"800\" height=\"450\" src=\"https:\/\/i0.wp.com\/cvillerha.com\/wp-content\/uploads\/2025\/01\/2Parallel.png?fit=800%2C450&amp;ssl=1\" class=\"attachment-large size-large wp-image-4526\" alt=\"\" srcset=\"https:\/\/i0.wp.com\/cvillerha.com\/wp-content\/uploads\/2025\/01\/2Parallel.png?w=1366&amp;ssl=1 1366w, https:\/\/i0.wp.com\/cvillerha.com\/wp-content\/uploads\/2025\/01\/2Parallel.png?resize=300%2C169&amp;ssl=1 300w, https:\/\/i0.wp.com\/cvillerha.com\/wp-content\/uploads\/2025\/01\/2Parallel.png?resize=900%2C506&amp;ssl=1 900w, https:\/\/i0.wp.com\/cvillerha.com\/wp-content\/uploads\/2025\/01\/2Parallel.png?resize=768%2C432&amp;ssl=1 768w, https:\/\/i0.wp.com\/cvillerha.com\/wp-content\/uploads\/2025\/01\/2Parallel.png?resize=18%2C10&amp;ssl=1 18w\" sizes=\"(max-width: 800px) 100vw, 800px\" \/>\t\t\t\t\t\t\t\t\t\t\t\t\t\t\t<\/div>\n\t\t\t\t<\/div>\n\t\t\t\t<div class=\"elementor-element elementor-element-b872127 elementor-widget elementor-widget-heading\" data-id=\"b872127\" data-element_type=\"widget\" data-e-type=\"widget\" data-widget_type=\"heading.default\">\n\t\t\t\t<div class=\"elementor-widget-container\">\n\t\t\t\t\t<h2 class=\"elementor-heading-title elementor-size-default\">C\u0169ng \u0111\u01b0\u1ee3c g\u1ecdi l\u00e0 c\u00e1c trang web r\u1ea3i r\u00e1c\n<\/h2>\t\t\t\t<\/div>\n\t\t\t\t<\/div>\n\t\t\t\t<div class=\"elementor-element elementor-element-e1c4247 elementor-widget elementor-widget-text-editor\" data-id=\"e1c4247\" data-element_type=\"widget\" data-e-type=\"widget\" data-widget_type=\"text-editor.default\">\n\t\t\t\t<div class=\"elementor-widget-container\">\n\t\t\t\t\t\t\t\t\t<h1><strong>\u00a0 \u00a0 \u00a0 \u00a0 \u00a0 \u00a0 \u00a0 \u00a0 \u00a0 \u00a0 \u00a0 C\u00f2n \u0111\u01b0\u1ee3c g\u1ecdi l\u00e0 \u201cC\u00e1c \u0111\u1ecba \u0111i\u1ec3m r\u1ea3i r\u00e1c\u201d.<\/strong><\/h1><p>CRHA \u0111\u00e3 b\u1eaft \u0111\u1ea7u n\u1ed7 l\u1ef1c \u201cParallel Track\u201d \u0111\u1ec3 mang l\u1ea1i nh\u1eefng thay \u0111\u1ed5i cho 57 ng\u00f4i nh\u00e0 tr\u00ean c\u00e1c \u0111\u1ecba \u0111i\u1ec3m r\u1ea3i r\u00e1c c\u1ee7a ch\u00fang t\u00f4i t\u1ea1i Michie Drive, Riverside Ave v\u00e0 Madison Ave<\/p><p>Ch\u1ee7 y\u1ebfu s\u1eed d\u1ee5ng Qu\u1ef9 v\u1ed1n, CRHA b\u1eaft \u0111\u1ea7u b\u1eb1ng vi\u1ec7c ho\u00e0n th\u00e0nh c\u00e1c d\u1ef1 \u00e1n c\u0169 \u0111\u00e3 \u0111\u01b0\u1ee3c l\u00ean k\u1ebf ho\u1ea1ch, sau \u0111\u00f3 gi\u1ea3i quy\u1ebft c\u00f4ng vi\u1ec7c b\u00ean ngo\u00e0i, bao g\u1ed3m c\u00e1c s\u00e2n ch\u01a1i m\u1edbi v\u00e0 c\u00e1c ti\u1ec7n nghi ngo\u00e0i tr\u1eddi v\u1edbi s\u1ef1 tr\u1ee3 gi\u00fap c\u1ee7a Qu\u1ef9 c\u01a1 h\u1ed9i nh\u00e0 \u1edf gi\u00e1 r\u1ebb, c\u0169ng nh\u01b0 m\u00e1i nh\u00e0, v\u00e1ch ng\u0103n v\u00e0 c\u1eeda s\u1ed5 m\u1edbi th\u00f4ng qua Qu\u1ef9 v\u1ed1n.<\/p><p>T\u1eeb \u0111\u00f3, CRHA \u0111\u00e3 l\u1eafp \u0111\u1eb7t c\u00e1c thi\u1ebft b\u1ecb nh\u00e0 b\u1ebfp, c\u1eeda ra v\u00e0o v\u00e0 c\u1eeda ch\u1ed1ng b\u00e3o m\u1edbi, \u0111\u1ed3ng th\u1eddi n\u00e2ng c\u1ea5p h\u1ec7 th\u1ed1ng HVAC v\u00e0 \u0111i\u1ec7n \u0111\u1ec3 cu\u1ed1i c\u00f9ng mang h\u1ec7 th\u1ed1ng \u0111i\u1ec1u h\u00f2a kh\u00f4ng kh\u00ed trung t\u00e2m \u0111\u1ebfn 57 ng\u00f4i nh\u00e0 n\u00e0y.<\/p><p>CRHA hi\u1ec7n \u0111ang c\u00f3 k\u1ebf ho\u1ea1ch c\u1ea3i t\u1ea1o n\u1ed9i th\u1ea5t to\u00e0n di\u1ec7n trong 2 n\u0103m t\u1edbi, bao g\u1ed3m x\u00e2y m\u1edbi nh\u00e0 b\u1ebfp v\u00e0 ph\u00f2ng t\u1eafm.<\/p><div><strong>\u00a0<\/strong><\/div><div><strong>\u00a0 \u00a0<\/strong><\/div>\t\t\t\t\t\t\t\t<\/div>\n\t\t\t\t<\/div>\n\t\t\t\t<div class=\"elementor-element elementor-element-149a100 elementor-position-top elementor-widget elementor-widget-image-box\" data-id=\"149a100\" data-element_type=\"widget\" data-e-type=\"widget\" data-widget_type=\"image-box.default\">\n\t\t\t\t<div class=\"elementor-widget-container\">\n\t\t\t\t\t<div class=\"elementor-image-box-wrapper\"><figure class=\"elementor-image-box-img\"><img decoding=\"async\" width=\"800\" height=\"447\" src=\"https:\/\/i0.wp.com\/cvillerha.com\/wp-content\/uploads\/2025\/01\/Parallel-Track-exterior-Before-After-7.20.23-1.png?fit=800%2C447&amp;ssl=1\" class=\"attachment-large size-large wp-image-4530\" alt=\"\" srcset=\"https:\/\/i0.wp.com\/cvillerha.com\/wp-content\/uploads\/2025\/01\/Parallel-Track-exterior-Before-After-7.20.23-1.png?w=1049&amp;ssl=1 1049w, https:\/\/i0.wp.com\/cvillerha.com\/wp-content\/uploads\/2025\/01\/Parallel-Track-exterior-Before-After-7.20.23-1.png?resize=300%2C168&amp;ssl=1 300w, https:\/\/i0.wp.com\/cvillerha.com\/wp-content\/uploads\/2025\/01\/Parallel-Track-exterior-Before-After-7.20.23-1.png?resize=900%2C503&amp;ssl=1 900w, https:\/\/i0.wp.com\/cvillerha.com\/wp-content\/uploads\/2025\/01\/Parallel-Track-exterior-Before-After-7.20.23-1.png?resize=768%2C429&amp;ssl=1 768w, https:\/\/i0.wp.com\/cvillerha.com\/wp-content\/uploads\/2025\/01\/Parallel-Track-exterior-Before-After-7.20.23-1.png?resize=18%2C10&amp;ssl=1 18w\" sizes=\"(max-width: 800px) 100vw, 800px\" \/><\/figure><div class=\"elementor-image-box-content\"><h3 class=\"elementor-image-box-title\">T\u1ea1o n\u00ean s\u1ef1 kh\u00e1c bi\u1ec7t cho c\u01b0 d\u00e2n<\/h3><p class=\"elementor-image-box-description\">Qu\u00e1 tr\u00ecnh hi\u1ec7n \u0111\u1ea1i h\u00f3a kh\u00f4ng ch\u1ec9 di\u1ec5n ra t\u1ea1i m\u1ed9t s\u1ed1 c\u01a1 s\u1edf c\u1ee7a CRHA m\u00e0 di\u1ec5n ra t\u1ea1i T\u1ea4T C\u1ea2 c\u00e1c c\u01a1 s\u1edf \u0111\u00f3. <br>H\u00e3y xem m\u1ed9t s\u1ed1 n\u00e2ng c\u1ea5p t\u1ea1i Parallel Track!<\/p><\/div><\/div>\t\t\t\t<\/div>\n\t\t\t\t<\/div>\n\t\t\t\t\t<\/div>\n\t\t<\/div>\n\t\t\t\t\t<\/div>\n\t\t<\/section>\n\t\t\t\t<section class=\"elementor-section elementor-top-section elementor-element elementor-element-09581a6 elementor-section-boxed elementor-section-height-default elementor-section-height-default\" data-id=\"09581a6\" data-element_type=\"section\" data-e-type=\"section\">\n\t\t\t\t\t\t<div class=\"elementor-container elementor-column-gap-default\">\n\t\t\t\t\t<div class=\"elementor-column elementor-col-100 elementor-top-column elementor-element elementor-element-0ebafcc\" data-id=\"0ebafcc\" data-element_type=\"column\" data-e-type=\"column\">\n\t\t\t<div class=\"elementor-widget-wrap elementor-element-populated\">\n\t\t\t\t\t\t<div class=\"elementor-element elementor-element-4861891 elementor-arrows-position-inside elementor-pagination-position-outside elementor-widget elementor-widget-image-carousel\" data-id=\"4861891\" data-element_type=\"widget\" data-e-type=\"widget\" data-settings=\"{&quot;navigation&quot;:&quot;both&quot;,&quot;autoplay&quot;:&quot;yes&quot;,&quot;pause_on_hover&quot;:&quot;yes&quot;,&quot;pause_on_interaction&quot;:&quot;yes&quot;,&quot;autoplay_speed&quot;:5000,&quot;infinite&quot;:&quot;yes&quot;,&quot;speed&quot;:500}\" data-widget_type=\"image-carousel.default\">\n\t\t\t\t<div class=\"elementor-widget-container\">\n\t\t\t\t\t\t\t<div class=\"elementor-image-carousel-wrapper swiper\" role=\"region\" aria-roledescription=\"carousel\" aria-label=\"H\u00ecnh \u1ea3nh Carousel\" dir=\"ltr\">\n\t\t\t<div class=\"elementor-image-carousel swiper-wrapper\" aria-live=\"off\">\n\t\t\t\t\t\t\t\t<div class=\"swiper-slide\" role=\"group\" aria-roledescription=\"slide\" aria-label=\"\u06f1TP\u06f1T \u062f \u06f1TP\u06f2T \u0685\u062e\u0647\" data-no-translation-aria-label=\"\"><figure class=\"swiper-slide-inner\"><img decoding=\"async\" class=\"swiper-slide-image\" src=\"https:\/\/i0.wp.com\/cvillerha.com\/wp-content\/uploads\/2025\/01\/AC-Units-Riverside-1-scaled.jpg?resize=150%2C150&amp;ssl=1\" alt=\"New central AC\" \/><\/figure><\/div><div class=\"swiper-slide\" role=\"group\" aria-roledescription=\"slide\" aria-label=\"\u06f1TP\u06f1T \u062f \u06f1TP\u06f2T \u0685\u062e\u0647\" data-no-translation-aria-label=\"\"><figure class=\"swiper-slide-inner\"><img decoding=\"async\" class=\"swiper-slide-image\" src=\"https:\/\/i0.wp.com\/cvillerha.com\/wp-content\/uploads\/2025\/01\/Entry-Doors-Install-3-scaled.jpg?resize=150%2C150&amp;ssl=1\" alt=\"New doors\" \/><\/figure><\/div><div class=\"swiper-slide\" role=\"group\" aria-roledescription=\"slide\" aria-label=\"\u06f1TP\u06f1T \u062f \u06f1TP\u06f2T \u0685\u062e\u0647\" data-no-translation-aria-label=\"\"><figure class=\"swiper-slide-inner\"><img decoding=\"async\" class=\"swiper-slide-image\" src=\"https:\/\/i0.wp.com\/cvillerha.com\/wp-content\/uploads\/2025\/01\/Playground-Before-and-After-1.png?resize=150%2C150&amp;ssl=1\" alt=\"Playground changes at RIverside\" \/><\/figure><\/div><div class=\"swiper-slide\" role=\"group\" aria-roledescription=\"slide\" aria-label=\"\u06f1TP\u06f1T \u062f \u06f1TP\u06f2T \u0685\u062e\u0647\" data-no-translation-aria-label=\"\"><figure class=\"swiper-slide-inner\"><img decoding=\"async\" class=\"swiper-slide-image\" src=\"https:\/\/i0.wp.com\/cvillerha.com\/wp-content\/uploads\/2025\/01\/PT-Appliance-Install-Stove.jpg?resize=150%2C150&amp;ssl=1\" alt=\"Kitchen Renovation\" \/><\/figure><\/div><div class=\"swiper-slide\" role=\"group\" aria-roledescription=\"slide\" aria-label=\"\u06f1TP\u06f1T \u062f \u06f1TP\u06f2T \u0685\u062e\u0647\" data-no-translation-aria-label=\"\"><figure class=\"swiper-slide-inner\"><img decoding=\"async\" class=\"swiper-slide-image\" src=\"https:\/\/i0.wp.com\/cvillerha.com\/wp-content\/uploads\/2025\/01\/PT-Appliance-Install-Refrigerator.jpg?resize=150%2C150&amp;ssl=1\" alt=\"Kitchen Renovation\" \/><\/figure><\/div><div class=\"swiper-slide\" role=\"group\" aria-roledescription=\"slide\" aria-label=\"\u06f1TP\u06f1T \u062f \u06f1TP\u06f2T \u0685\u062e\u0647\" data-no-translation-aria-label=\"\"><figure class=\"swiper-slide-inner\"><img decoding=\"async\" class=\"swiper-slide-image\" src=\"https:\/\/i0.wp.com\/cvillerha.com\/wp-content\/uploads\/2025\/01\/Playground-Complete-Riverside-Basketball-1-scaled.jpg?resize=150%2C150&amp;ssl=1\" alt=\"Playground\" \/><\/figure><\/div><div class=\"swiper-slide\" role=\"group\" aria-roledescription=\"slide\" aria-label=\"\u06f1TP\u06f1T \u062f \u06f1TP\u06f2T \u0685\u062e\u0647\" data-no-translation-aria-label=\"\"><figure class=\"swiper-slide-inner\"><img decoding=\"async\" class=\"swiper-slide-image\" src=\"https:\/\/i0.wp.com\/cvillerha.com\/wp-content\/uploads\/2025\/01\/Michie-After-2-scaled.jpg?resize=150%2C150&amp;ssl=1\" alt=\"New exteriors\" \/><\/figure><\/div>\t\t\t<\/div>\n\t\t\t\t\t\t\t\t\t\t\t\t<div class=\"elementor-swiper-button elementor-swiper-button-prev\" role=\"button\" tabindex=\"0\">\n\t\t\t\t\t\t<i aria-hidden=\"true\" class=\"eicon-chevron-left\"><\/i>\t\t\t\t\t<\/div>\n\t\t\t\t\t<div class=\"elementor-swiper-button elementor-swiper-button-next\" role=\"button\" tabindex=\"0\">\n\t\t\t\t\t\t<i aria-hidden=\"true\" class=\"eicon-chevron-right\"><\/i>\t\t\t\t\t<\/div>\n\t\t\t\t\n\t\t\t\t\t\t\t\t\t<div class=\"swiper-pagination\"><\/div>\n\t\t\t\t\t\t\t\t\t<\/div>\n\t\t\t\t\t\t<\/div>\n\t\t\t\t<\/div>\n\t\t\t\t\t<\/div>\n\t\t<\/div>\n\t\t\t\t\t<\/div>\n\t\t<\/section>\n\t\t\t\t<\/div>","protected":false},"excerpt":{"rendered":"<p>Also Known As Scattered Sites \u00a0 \u00a0 \u00a0 \u00a0 \u00a0 \u00a0 \u00a0 \u00a0 \u00a0 \u00a0 \u00a0 Also known as &#8220;Scattered Sites.&#8221; CRHA began the \u201cParallel Track\u201d effort to bring changes to the 57 homes on our scattered sites at Michie Drive, Riverside Ave, and Madison Ave Primarily utilizing the Capital Fund, CRHA began by completing [&hellip;]<\/p>\n","protected":false},"author":1547,"featured_media":0,"parent":0,"menu_order":0,"comment_status":"closed","ping_status":"closed","template":"","meta":{"postBodyCss":"","postBodyMargin":[],"postBodyPadding":[],"postBodyBackground":{"backgroundType":"classic","gradient":""},"footnotes":""},"class_list":["post-4524","page","type-page","status-publish","hentry"],"_links":{"self":[{"href":"https:\/\/cvillerha.com\/vi\/wp-json\/wp\/v2\/pages\/4524","targetHints":{"allow":["GET"]}}],"collection":[{"href":"https:\/\/cvillerha.com\/vi\/wp-json\/wp\/v2\/pages"}],"about":[{"href":"https:\/\/cvillerha.com\/vi\/wp-json\/wp\/v2\/types\/page"}],"author":[{"embeddable":true,"href":"https:\/\/cvillerha.com\/vi\/wp-json\/wp\/v2\/users\/1547"}],"replies":[{"embeddable":true,"href":"https:\/\/cvillerha.com\/vi\/wp-json\/wp\/v2\/comments?post=4524"}],"version-history":[{"count":9,"href":"https:\/\/cvillerha.com\/vi\/wp-json\/wp\/v2\/pages\/4524\/revisions"}],"predecessor-version":[{"id":4544,"href":"https:\/\/cvillerha.com\/vi\/wp-json\/wp\/v2\/pages\/4524\/revisions\/4544"}],"wp:attachment":[{"href":"https:\/\/cvillerha.com\/vi\/wp-json\/wp\/v2\/media?parent=4524"}],"curies":[{"name":"wp","href":"https:\/\/api.w.org\/{rel}","templated":true}]}}