{"id":4490,"date":"2025-01-29T11:40:28","date_gmt":"2025-01-29T16:40:28","guid":{"rendered":"https:\/\/cvillerha.com\/?page_id=4490"},"modified":"2026-03-27T13:47:45","modified_gmt":"2026-03-27T17:47:45","slug":"redevelopment-newsletters","status":"publish","type":"page","link":"https:\/\/cvillerha.com\/vi\/redevelopment-newsletters\/","title":{"rendered":"B\u1ea3n tin t\u00e1i ph\u00e1t tri\u1ec3n"},"content":{"rendered":"<p>C\u1eadp nh\u1eadt nh\u1eefng th\u00f4ng tin quan tr\u1ecdng v\u1ec1 qu\u00e1 tr\u00ecnh t\u00e1i ph\u00e1t tri\u1ec3n t\u1eeb CRHA!<\/p>\n<p>2026:<\/p>\n<p><a href=\"https:\/\/cvillerha.com\/vi\/wp-content\/Newletters\/redev\/2026.03.24%20CRHA%20Redevelopment%20Update.pdf\/\">March Redevelopment Update<\/a><\/p>\n<p><a href=\"https:\/\/cvillerha.com\/vi\/wp-content\/Newletters\/redev\/2026.02.16%20CRHA%20Redevelopment%20Update%20.pdf\/\">February Redevelopment Update<\/a><\/p>\n<p>Past Updates:<\/p>\n<p><a href=\"https:\/\/cvillerha.com\/wp-content\/Newletters\/redev\/2025YiR_redev.pdf\">2025 Year in Review<\/a><\/p>\n<p><a href=\"https:\/\/cvillerha.com\/wp-content\/uploads\/2025\/11\/2025.11.15-CRHA-Redevelopment-Update.pdf\">November Redevelopment Newsletter<\/a><\/p>\n<p><a href=\"https:\/\/cvillerha.com\/wp-content\/uploads\/2025\/03\/CRHA-MARCH-2025-HOUSING-NEWSLETTER.pdf\">B\u1ea2N TIN NH\u00c0 \u1ede CRHA TH\u00c1NG 3 N\u0102M 2025<\/a><\/p>\n<p><a href=\"https:\/\/cvillerha.com\/wp-content\/uploads\/2025\/02\/CRHA-Redevelop-Feb-2025-Newsletter.pdf\">CRHA Redevelop B\u1ea3n tin th\u00e1ng 2 n\u0103m 2025<\/a><\/p>\n<p><a href=\"https:\/\/cvillerha.com\/wp-content\/uploads\/2025\/01\/2024-Year-in-Review-FULL-DRAFT-PDF-2025.01.22-1.pdf\">T\u1ed5ng k\u1ebft n\u0103m 2024 B\u1ea2N NH\u00c1P \u0110\u1ea6Y \u0110\u1ee6 PDF 2025.01.22 (1)<\/a><\/p>","protected":false},"excerpt":{"rendered":"<p>Keep up with important redevelopment updates from CRHA! 2026: March Redevelopment Update February Redevelopment Update Past Updates: 2025 Year in Review November Redevelopment Newsletter CRHA MARCH 2025 HOUSING NEWSLETTER CRHA Redevelop Feb 2025 Newsletter 2024 Year in Review FULL DRAFT PDF 2025.01.22 (1)<\/p>","protected":false},"author":1547,"featured_media":0,"parent":0,"menu_order":0,"comment_status":"closed","ping_status":"closed","template":"","meta":{"postBodyCss":"","postBodyMargin":[],"postBodyPadding":[],"postBodyBackground":{"backgroundType":"classic","gradient":""},"footnotes":""},"class_list":["post-4490","page","type-page","status-publish","hentry"],"_links":{"self":[{"href":"https:\/\/cvillerha.com\/vi\/wp-json\/wp\/v2\/pages\/4490","targetHints":{"allow":["GET"]}}],"collection":[{"href":"https:\/\/cvillerha.com\/vi\/wp-json\/wp\/v2\/pages"}],"about":[{"href":"https:\/\/cvillerha.com\/vi\/wp-json\/wp\/v2\/types\/page"}],"author":[{"embeddable":true,"href":"https:\/\/cvillerha.com\/vi\/wp-json\/wp\/v2\/users\/1547"}],"replies":[{"embeddable":true,"href":"https:\/\/cvillerha.com\/vi\/wp-json\/wp\/v2\/comments?post=4490"}],"version-history":[{"count":15,"href":"https:\/\/cvillerha.com\/vi\/wp-json\/wp\/v2\/pages\/4490\/revisions"}],"predecessor-version":[{"id":4927,"href":"https:\/\/cvillerha.com\/vi\/wp-json\/wp\/v2\/pages\/4490\/revisions\/4927"}],"wp:attachment":[{"href":"https:\/\/cvillerha.com\/vi\/wp-json\/wp\/v2\/media?parent=4490"}],"curies":[{"name":"wp","href":"https:\/\/api.w.org\/{rel}","templated":true}]}}