{"id":4468,"date":"2025-01-29T08:59:09","date_gmt":"2025-01-29T13:59:09","guid":{"rendered":"https:\/\/cvillerha.com\/?page_id=4468"},"modified":"2025-01-29T10:45:19","modified_gmt":"2025-01-29T15:45:19","slug":"westhaven","status":"publish","type":"page","link":"https:\/\/cvillerha.com\/vi\/westhaven\/","title":{"rendered":"T\u00e2y Haven"},"content":{"rendered":"<div data-elementor-type=\"wp-page\" data-elementor-id=\"4468\" class=\"elementor elementor-4468\" data-elementor-post-type=\"page\">\n\t\t\t\t\t\t<section class=\"elementor-section elementor-top-section elementor-element elementor-element-2388d21 elementor-section-boxed elementor-section-height-default elementor-section-height-default\" data-id=\"2388d21\" data-element_type=\"section\" data-e-type=\"section\">\n\t\t\t\t\t\t<div class=\"elementor-container elementor-column-gap-default\">\n\t\t\t\t\t<div class=\"elementor-column elementor-col-100 elementor-top-column elementor-element elementor-element-c38570d\" data-id=\"c38570d\" data-element_type=\"column\" data-e-type=\"column\">\n\t\t\t<div class=\"elementor-widget-wrap elementor-element-populated\">\n\t\t\t\t\t\t<div class=\"elementor-element elementor-element-35c6e38 elementor-widget elementor-widget-image\" data-id=\"35c6e38\" data-element_type=\"widget\" data-e-type=\"widget\" data-widget_type=\"image.default\">\n\t\t\t\t<div class=\"elementor-widget-container\">\n\t\t\t\t\t\t\t\t\t\t\t\t\t\t\t<img fetchpriority=\"high\" decoding=\"async\" width=\"800\" height=\"450\" src=\"https:\/\/i0.wp.com\/cvillerha.com\/wp-content\/uploads\/2025\/01\/Hotels-Business-Website.png?fit=800%2C450&amp;ssl=1\" class=\"attachment-large size-large wp-image-4469\" alt=\"\" srcset=\"https:\/\/i0.wp.com\/cvillerha.com\/wp-content\/uploads\/2025\/01\/Hotels-Business-Website.png?w=1366&amp;ssl=1 1366w, https:\/\/i0.wp.com\/cvillerha.com\/wp-content\/uploads\/2025\/01\/Hotels-Business-Website.png?resize=300%2C169&amp;ssl=1 300w, https:\/\/i0.wp.com\/cvillerha.com\/wp-content\/uploads\/2025\/01\/Hotels-Business-Website.png?resize=900%2C506&amp;ssl=1 900w, https:\/\/i0.wp.com\/cvillerha.com\/wp-content\/uploads\/2025\/01\/Hotels-Business-Website.png?resize=768%2C432&amp;ssl=1 768w, https:\/\/i0.wp.com\/cvillerha.com\/wp-content\/uploads\/2025\/01\/Hotels-Business-Website.png?resize=18%2C10&amp;ssl=1 18w\" sizes=\"(max-width: 800px) 100vw, 800px\" \/>\t\t\t\t\t\t\t\t\t\t\t\t\t\t\t<\/div>\n\t\t\t\t<\/div>\n\t\t\t\t\t<\/div>\n\t\t<\/div>\n\t\t\t\t\t<\/div>\n\t\t<\/section>\n\t\t\t\t<section class=\"elementor-section elementor-top-section elementor-element elementor-element-bec2bcf elementor-section-boxed elementor-section-height-default elementor-section-height-default\" data-id=\"bec2bcf\" data-element_type=\"section\" data-e-type=\"section\">\n\t\t\t\t\t\t<div class=\"elementor-container elementor-column-gap-default\">\n\t\t\t\t\t<div class=\"elementor-column elementor-col-100 elementor-top-column elementor-element elementor-element-08573be\" data-id=\"08573be\" data-element_type=\"column\" data-e-type=\"column\">\n\t\t\t<div class=\"elementor-widget-wrap elementor-element-populated\">\n\t\t\t\t\t\t<div class=\"elementor-element elementor-element-672bd38 elementor-widget elementor-widget-image\" data-id=\"672bd38\" data-element_type=\"widget\" data-e-type=\"widget\" data-widget_type=\"image.default\">\n\t\t\t\t<div class=\"elementor-widget-container\">\n\t\t\t\t\t\t\t\t\t\t\t\t\t\t\t<img decoding=\"async\" width=\"800\" height=\"450\" src=\"https:\/\/i0.wp.com\/cvillerha.com\/wp-content\/uploads\/2025\/01\/Hotels-Business-Website-1.png?fit=800%2C450&amp;ssl=1\" class=\"attachment-large size-large wp-image-4473\" alt=\"\" srcset=\"https:\/\/i0.wp.com\/cvillerha.com\/wp-content\/uploads\/2025\/01\/Hotels-Business-Website-1.png?w=1366&amp;ssl=1 1366w, https:\/\/i0.wp.com\/cvillerha.com\/wp-content\/uploads\/2025\/01\/Hotels-Business-Website-1.png?resize=300%2C169&amp;ssl=1 300w, https:\/\/i0.wp.com\/cvillerha.com\/wp-content\/uploads\/2025\/01\/Hotels-Business-Website-1.png?resize=900%2C506&amp;ssl=1 900w, https:\/\/i0.wp.com\/cvillerha.com\/wp-content\/uploads\/2025\/01\/Hotels-Business-Website-1.png?resize=768%2C432&amp;ssl=1 768w, https:\/\/i0.wp.com\/cvillerha.com\/wp-content\/uploads\/2025\/01\/Hotels-Business-Website-1.png?resize=18%2C10&amp;ssl=1 18w\" sizes=\"(max-width: 800px) 100vw, 800px\" \/>\t\t\t\t\t\t\t\t\t\t\t\t\t\t\t<\/div>\n\t\t\t\t<\/div>\n\t\t\t\t\t<\/div>\n\t\t<\/div>\n\t\t\t\t\t<\/div>\n\t\t<\/section>\n\t\t\t\t<section class=\"elementor-section elementor-top-section elementor-element elementor-element-e489d5c elementor-section-boxed elementor-section-height-default elementor-section-height-default\" data-id=\"e489d5c\" data-element_type=\"section\" data-e-type=\"section\">\n\t\t\t\t\t\t<div class=\"elementor-container elementor-column-gap-default\">\n\t\t\t\t\t<div class=\"elementor-column elementor-col-100 elementor-top-column elementor-element elementor-element-6fb3147\" data-id=\"6fb3147\" data-element_type=\"column\" data-e-type=\"column\">\n\t\t\t<div class=\"elementor-widget-wrap elementor-element-populated\">\n\t\t\t\t\t\t<div class=\"elementor-element elementor-element-8b1e2a3 elementor-widget elementor-widget-image\" data-id=\"8b1e2a3\" data-element_type=\"widget\" data-e-type=\"widget\" data-widget_type=\"image.default\">\n\t\t\t\t<div class=\"elementor-widget-container\">\n\t\t\t\t\t\t\t\t\t\t\t\t\t\t\t<img decoding=\"async\" width=\"498\" height=\"299\" src=\"https:\/\/i0.wp.com\/cvillerha.com\/wp-content\/uploads\/2025\/01\/WH-Design-Principles.png?fit=498%2C299&amp;ssl=1\" class=\"attachment-full size-full wp-image-4480\" alt=\"\" srcset=\"https:\/\/i0.wp.com\/cvillerha.com\/wp-content\/uploads\/2025\/01\/WH-Design-Principles.png?w=498&amp;ssl=1 498w, https:\/\/i0.wp.com\/cvillerha.com\/wp-content\/uploads\/2025\/01\/WH-Design-Principles.png?resize=300%2C180&amp;ssl=1 300w, https:\/\/i0.wp.com\/cvillerha.com\/wp-content\/uploads\/2025\/01\/WH-Design-Principles.png?resize=18%2C12&amp;ssl=1 18w\" sizes=\"(max-width: 498px) 100vw, 498px\" \/>\t\t\t\t\t\t\t\t\t\t\t\t\t\t\t<\/div>\n\t\t\t\t<\/div>\n\t\t\t\t<div class=\"elementor-element elementor-element-7227f3b elementor-widget elementor-widget-text-editor\" data-id=\"7227f3b\" data-element_type=\"widget\" data-e-type=\"widget\" data-widget_type=\"text-editor.default\">\n\t\t\t\t<div class=\"elementor-widget-container\">\n\t\t\t\t\t\t\t\t\t<p><strong>C\u00e1c nh\u00e0 quy ho\u1ea1ch, \u0111\u1ed1i t\u00e1c, c\u01b0 d\u00e2n v\u00e0 b\u1ea1n b\u00e8 c\u1ee7a CRHA \u0111\u1ec1u \u0111ang c\u00e2n nh\u1eafc c\u00e1ch thay \u0111\u1ed5i Westhaven theo h\u01b0\u1edbng t\u1ed1t h\u01a1n.&nbsp;<\/strong><\/p>\n<p>Westhaven \u0111\u01b0\u1ee3c x\u00e2y d\u1ef1ng v\u00e0o n\u0103m 1965 sau khi c\u00e1c nh\u00e0 l\u00e3nh \u0111\u1ea1o Charlottesville quy\u1ebft \u0111\u1ecbnh t\u00e1i ph\u00e1t tri\u1ec3n khu ph\u1ed1 l\u1ecbch s\u1eed c\u1ee7a ng\u01b0\u1eddi da \u0111en Vinegar Hill. Quy\u1ebft \u0111\u1ecbnh bi th\u1ea3m n\u00e0y \u0111\u00e3 bu\u1ed9c nhi\u1ec1u gia \u0111\u00ecnh ph\u1ea3i nh\u1ed5 r\u1ec5 v\u00e0 di d\u1eddi \u0111\u1ebfn Westhaven, bao g\u1ed3m Cox&#039;s Row v\u00e0 Echo Lane, c\u0169ng l\u00e0 nh\u1eefng c\u1ed9ng \u0111\u1ed3ng ng\u01b0\u1eddi da \u0111en.&nbsp;<\/p>\n<p>Hi\u1ec7n nay, khi c\u00e1c k\u1ebf ho\u1ea1ch t\u00e1i thi\u1ebft Westhaven \u0111ang \u0111\u01b0\u1ee3c ch\u00fa tr\u1ecdng, ch\u00fang ta c\u00f3 c\u01a1 h\u1ed9i s\u1eeda ch\u1eefa nh\u1eefng sai tr\u00e1i trong qu\u00e1 kh\u1ee9 v\u00e0 mang \u0111\u1ebfn cho m\u1ecdi ng\u01b0\u1eddi m\u1ed9t c\u1ed9ng \u0111\u1ed3ng an to\u00e0n, hi\u1ec7n \u0111\u1ea1i \u0111\u00e1ng t\u1ef1 h\u00e0o.<\/p>\n<p>V\u00e0o n\u0103m 2022, m\u1ed9t \u0111\u1ee3t \u0111\u00e1nh gi\u00e1 to\u00e0n di\u1ec7n k\u00e9o d\u00e0i m\u1ed9t n\u0103m \u0111\u00e3 b\u1eaft \u0111\u1ea7u. Arnold Design Studio \u0111\u00e3 tham gia v\u00e0o n\u0103m 2024. Quy ho\u1ea1ch t\u1ed5ng th\u1ec3 hi\u1ec7n \u0111ang \u0111\u01b0\u1ee3c ti\u1ebfn h\u00e0nh v\u00e0 CRHA hy v\u1ecdng s\u1ebd t\u00ecm \u0111\u01b0\u1ee3c ngu\u1ed3n t\u00e0i tr\u1ee3 cho giai \u0111o\u1ea1n t\u00e1i ph\u00e1t tri\u1ec3n \u0111\u1ea7u ti\u00ean c\u1ee7a Westhaven, v\u1edbi hy v\u1ecdng s\u1ebd b\u1eaft \u0111\u1ea7u v\u00e0o n\u0103m 2026.<\/p>\n<p>Theo d\u00f5i qu\u00e1 tr\u00ecnh thi\u1ebft k\u1ebf v\u00e0 tham gia t\u1ea1i <a href=\"https:\/\/www.residentsofwh.com\/\">residentofwh.com<\/a>.<\/p>\n<p><\/p>\t\t\t\t\t\t\t\t<\/div>\n\t\t\t\t<\/div>\n\t\t\t\t\t<\/div>\n\t\t<\/div>\n\t\t\t\t\t<\/div>\n\t\t<\/section>\n\t\t\t\t<section class=\"elementor-section elementor-top-section elementor-element elementor-element-ae83a0e elementor-section-boxed elementor-section-height-default elementor-section-height-default\" data-id=\"ae83a0e\" data-element_type=\"section\" data-e-type=\"section\">\n\t\t\t\t\t\t<div class=\"elementor-container elementor-column-gap-default\">\n\t\t\t\t\t<div class=\"elementor-column elementor-col-100 elementor-top-column elementor-element elementor-element-0625904\" data-id=\"0625904\" data-element_type=\"column\" data-e-type=\"column\">\n\t\t\t<div class=\"elementor-widget-wrap elementor-element-populated\">\n\t\t\t\t\t\t<div class=\"elementor-element elementor-element-dba9fa5 elementor-widget elementor-widget-gallery\" data-id=\"dba9fa5\" data-element_type=\"widget\" data-e-type=\"widget\" data-settings=\"{&quot;lazyload&quot;:&quot;yes&quot;,&quot;gallery_layout&quot;:&quot;grid&quot;,&quot;columns&quot;:4,&quot;columns_tablet&quot;:2,&quot;columns_mobile&quot;:1,&quot;gap&quot;:{&quot;unit&quot;:&quot;px&quot;,&quot;size&quot;:10,&quot;sizes&quot;:[]},&quot;gap_tablet&quot;:{&quot;unit&quot;:&quot;px&quot;,&quot;size&quot;:10,&quot;sizes&quot;:[]},&quot;gap_mobile&quot;:{&quot;unit&quot;:&quot;px&quot;,&quot;size&quot;:10,&quot;sizes&quot;:[]},&quot;link_to&quot;:&quot;file&quot;,&quot;aspect_ratio&quot;:&quot;3:2&quot;,&quot;overlay_background&quot;:&quot;yes&quot;,&quot;content_hover_animation&quot;:&quot;fade-in&quot;}\" data-widget_type=\"gallery.default\">\n\t\t\t\t<div class=\"elementor-widget-container\">\n\t\t\t\t\t\t\t<div class=\"elementor-gallery__container\">\n\t\t\t\t\t\t\t<a class=\"e-gallery-item elementor-gallery-item elementor-animated-content\" href=\"https:\/\/i0.wp.com\/cvillerha.com\/wp-content\/uploads\/2025\/01\/2024.8.3-WH-Community-Day-1-1-scaled.jpg?fit=2560%2C1920&#038;ssl=1\" data-elementor-open-lightbox=\"yes\" data-elementor-lightbox-slideshow=\"dba9fa5\" data-elementor-lightbox-title=\"2024.8.3 WH Community Day 1 (1)\" data-e-action-hash=\"#elementor-action%3Aaction%3Dlightbox%26settings%3DeyJpZCI6NDQ3OCwidXJsIjoiaHR0cHM6XC9cL2N2aWxsZXJoYS5jb21cL3dwLWNvbnRlbnRcL3VwbG9hZHNcLzIwMjVcLzAxXC8yMDI0LjguMy1XSC1Db21tdW5pdHktRGF5LTEtMS1zY2FsZWQuanBnIiwic2xpZGVzaG93IjoiZGJhOWZhNSJ9\">\n\t\t\t\t\t<div class=\"e-gallery-image elementor-gallery-item__image\" data-thumbnail=\"https:\/\/i0.wp.com\/cvillerha.com\/wp-content\/uploads\/2025\/01\/2024.8.3-WH-Community-Day-1-1-scaled.jpg?fit=300%2C225&amp;ssl=1\" data-width=\"300\" data-height=\"225\" aria-label=\"\" role=\"img\" ><\/div>\n\t\t\t\t\t\t\t\t\t\t\t<div class=\"elementor-gallery-item__overlay\"><\/div>\n\t\t\t\t\t\t\t\t\t\t\t\t\t\t<\/a>\n\t\t\t\t\t\t\t<a class=\"e-gallery-item elementor-gallery-item elementor-animated-content\" href=\"https:\/\/i0.wp.com\/cvillerha.com\/wp-content\/uploads\/2024\/09\/Screenshot-2024-06-24-143818.png?fit=742%2C310&#038;ssl=1\" data-elementor-open-lightbox=\"yes\" data-elementor-lightbox-slideshow=\"dba9fa5\" data-elementor-lightbox-title=\"Screenshot 2024-06-24 143818\" data-e-action-hash=\"#elementor-action%3Aaction%3Dlightbox%26settings%3DeyJpZCI6Mzc2MSwidXJsIjoiaHR0cHM6XC9cL2N2aWxsZXJoYS5jb21cL3dwLWNvbnRlbnRcL3VwbG9hZHNcLzIwMjRcLzA5XC9TY3JlZW5zaG90LTIwMjQtMDYtMjQtMTQzODE4LnBuZyIsInNsaWRlc2hvdyI6ImRiYTlmYTUifQ%3D%3D\">\n\t\t\t\t\t<div class=\"e-gallery-image elementor-gallery-item__image\" data-thumbnail=\"https:\/\/i0.wp.com\/cvillerha.com\/wp-content\/uploads\/2024\/09\/Screenshot-2024-06-24-143818.png?fit=300%2C125&amp;ssl=1\" data-width=\"300\" data-height=\"125\" aria-label=\"\" role=\"img\" ><\/div>\n\t\t\t\t\t\t\t\t\t\t\t<div class=\"elementor-gallery-item__overlay\"><\/div>\n\t\t\t\t\t\t\t\t\t\t\t\t\t\t<\/a>\n\t\t\t\t\t\t\t<a class=\"e-gallery-item elementor-gallery-item elementor-animated-content\" href=\"https:\/\/i0.wp.com\/cvillerha.com\/wp-content\/uploads\/2024\/06\/image0-2.jpeg?fit=640%2C480&#038;ssl=1\" data-elementor-open-lightbox=\"yes\" data-elementor-lightbox-slideshow=\"dba9fa5\" data-elementor-lightbox-title=\"Westhaven social event photo\" data-e-action-hash=\"#elementor-action%3Aaction%3Dlightbox%26settings%3DeyJpZCI6MzQyNSwidXJsIjoiaHR0cHM6XC9cL2N2aWxsZXJoYS5jb21cL3dwLWNvbnRlbnRcL3VwbG9hZHNcLzIwMjRcLzA2XC9pbWFnZTAtMi5qcGVnIiwic2xpZGVzaG93IjoiZGJhOWZhNSJ9\">\n\t\t\t\t\t<div class=\"e-gallery-image elementor-gallery-item__image\" data-thumbnail=\"https:\/\/i0.wp.com\/cvillerha.com\/wp-content\/uploads\/2024\/06\/image0-2.jpeg?fit=300%2C225&amp;ssl=1\" data-width=\"300\" data-height=\"225\" aria-label=\"\u1ea2nh s\u1ef1 ki\u1ec7n x\u00e3 h\u1ed9i Westhaven\" role=\"img\" ><\/div>\n\t\t\t\t\t\t\t\t\t\t\t<div class=\"elementor-gallery-item__overlay\"><\/div>\n\t\t\t\t\t\t\t\t\t\t\t\t\t\t<\/a>\n\t\t\t\t\t\t\t<a class=\"e-gallery-item elementor-gallery-item elementor-animated-content\" href=\"https:\/\/i0.wp.com\/cvillerha.com\/wp-content\/uploads\/2024\/06\/image0-1-1-rotated.jpeg?fit=480%2C640&#038;ssl=1\" data-elementor-open-lightbox=\"yes\" data-elementor-lightbox-slideshow=\"dba9fa5\" data-elementor-lightbox-title=\"Westhaven social event photo\" data-e-action-hash=\"#elementor-action%3Aaction%3Dlightbox%26settings%3DeyJpZCI6MzQyNiwidXJsIjoiaHR0cHM6XC9cL2N2aWxsZXJoYS5jb21cL3dwLWNvbnRlbnRcL3VwbG9hZHNcLzIwMjRcLzA2XC9pbWFnZTAtMS0xLXJvdGF0ZWQuanBlZyIsInNsaWRlc2hvdyI6ImRiYTlmYTUifQ%3D%3D\">\n\t\t\t\t\t<div class=\"e-gallery-image elementor-gallery-item__image\" data-thumbnail=\"https:\/\/i0.wp.com\/cvillerha.com\/wp-content\/uploads\/2024\/06\/image0-1-1-rotated.jpeg?fit=225%2C300&amp;ssl=1\" data-width=\"225\" data-height=\"300\" aria-label=\"\u1ea2nh s\u1ef1 ki\u1ec7n x\u00e3 h\u1ed9i Westhaven\" role=\"img\" ><\/div>\n\t\t\t\t\t\t\t\t\t\t\t<div class=\"elementor-gallery-item__overlay\"><\/div>\n\t\t\t\t\t\t\t\t\t\t\t\t\t\t<\/a>\n\t\t\t\t\t<\/div>\n\t\t\t\t\t<\/div>\n\t\t\t\t<\/div>\n\t\t\t\t\t<\/div>\n\t\t<\/div>\n\t\t\t\t\t<\/div>\n\t\t<\/section>\n\t\t\t\t<\/div>","protected":false},"excerpt":{"rendered":"<p>CRHA planners, partners, residents and friends are all weighing in how to change Westhaven for the better.&nbsp; Westhaven was built in 1965 after Charlottesville leaders decided to redevelop the historically black neighborhood of Vinegar Hill. This tragic decision forced many families to uproot and relocate to Westhaven, which encompassed Cox&#8217;s Row and Echo Lane, which [&hellip;]<\/p>\n","protected":false},"author":1547,"featured_media":0,"parent":0,"menu_order":0,"comment_status":"closed","ping_status":"closed","template":"","meta":{"postBodyCss":"","postBodyMargin":[],"postBodyPadding":[],"postBodyBackground":{"backgroundType":"classic","gradient":""},"footnotes":""},"class_list":["post-4468","page","type-page","status-publish","hentry"],"_links":{"self":[{"href":"https:\/\/cvillerha.com\/vi\/wp-json\/wp\/v2\/pages\/4468","targetHints":{"allow":["GET"]}}],"collection":[{"href":"https:\/\/cvillerha.com\/vi\/wp-json\/wp\/v2\/pages"}],"about":[{"href":"https:\/\/cvillerha.com\/vi\/wp-json\/wp\/v2\/types\/page"}],"author":[{"embeddable":true,"href":"https:\/\/cvillerha.com\/vi\/wp-json\/wp\/v2\/users\/1547"}],"replies":[{"embeddable":true,"href":"https:\/\/cvillerha.com\/vi\/wp-json\/wp\/v2\/comments?post=4468"}],"version-history":[{"count":12,"href":"https:\/\/cvillerha.com\/vi\/wp-json\/wp\/v2\/pages\/4468\/revisions"}],"predecessor-version":[{"id":4489,"href":"https:\/\/cvillerha.com\/vi\/wp-json\/wp\/v2\/pages\/4468\/revisions\/4489"}],"wp:attachment":[{"href":"https:\/\/cvillerha.com\/vi\/wp-json\/wp\/v2\/media?parent=4468"}],"curies":[{"name":"wp","href":"https:\/\/api.w.org\/{rel}","templated":true}]}}