{"id":44,"date":"2017-11-30T04:16:12","date_gmt":"2017-11-30T04:16:12","guid":{"rendered":"https:\/\/cvillerha.com\/?page_id=44"},"modified":"2024-07-31T15:33:13","modified_gmt":"2024-07-31T19:33:13","slug":"positions-available","status":"publish","type":"page","link":"https:\/\/cvillerha.com\/vi\/positions-available\/","title":{"rendered":"V\u1ecb tr\u00ed tuy\u1ec3n d\u1ee5ng"},"content":{"rendered":"<p>T\u1ea5t c\u1ea3 c\u00e1c c\u00f4ng vi\u1ec7c c\u00f3 s\u1eb5n v\u00e0 tr\u00ecnh \u0111\u1ed9 c\u1ee7a h\u1ecd \u0111\u01b0\u1ee3c \u0111\u0103ng tr\u00ean CRHA <a href=\"https:\/\/www.indeed.com\/cmp\/Charlottesville-Redevelopment-and-Housing-Authority?from=mobviewjob&amp;tk=1i4544dpegb4l800&amp;fromjk=b80946be68e27a4f&amp;attributionid=mobvjcmp\">Th\u1eadt v\u1eady trang<\/a>. Ch\u00fang t\u00f4i c\u1eadp nh\u1eadt th\u01b0\u1eddng xuy\u00ean, v\u00ec v\u1eady h\u00e3y ch\u00fa \u00fd theo d\u00f5i \u0111\u1ec3 bi\u1ebft th\u00f4ng tin tuy\u1ec3n d\u1ee5ng m\u1edbi nh\u00e9!<\/p>\n<p>&nbsp;<\/p>\n<p>*******<\/p>\n<p><em><strong>M\u1eabu \u0111\u01a1n xin vi\u1ec7c CRHA:\u00a0 <\/strong><a href=\"https:\/\/cvillerha.com\/wp-content\/uploads\/2020\/03\/2020-CRHA-Employment-Application-with-General-Release-from-Applicant.pdf\">\u0110\u01a1n xin vi\u1ec7c CRHA n\u0103m 2020 c\u00f3 B\u1ea3n ph\u00e1t h\u00e0nh chung t\u1eeb Ng\u01b0\u1eddi n\u1ed9p \u0111\u01a1n<\/a><\/em><\/p>\n<p><em><strong>S\u1ed5 tay nh\u00e2n s\u1ef1 CRHA:\u00a0<\/strong> <a href=\"https:\/\/cvillerha.com\/wp-content\/uploads\/2020\/03\/Personnel-Operations-Policies-and-Procedures-Manual.pdf\">S\u1ed5 tay Ch\u00ednh s\u00e1ch v\u00e0 Th\u1ee7 t\u1ee5c Ho\u1ea1t \u0111\u1ed9ng Nh\u00e2n s\u1ef1<\/a><\/em><\/p>","protected":false},"excerpt":{"rendered":"<p>All available jobs and their qualifications are posted on CRHA&#8217;s Indeed page. We update it on a regular basis, so keep an eye out for new openings! &nbsp; ******* CRHA Employment Application Form:\u00a0 2020 CRHA Employment Application with General Release from Applicant CRHA Personnel Manual:\u00a0 Personnel Operations Policies and Procedures Manual<\/p>","protected":false},"author":1,"featured_media":0,"parent":0,"menu_order":0,"comment_status":"closed","ping_status":"closed","template":"","meta":{"postBodyCss":"","postBodyMargin":[],"postBodyPadding":[],"postBodyBackground":{"backgroundType":"classic","gradient":""},"footnotes":""},"class_list":["post-44","page","type-page","status-publish","hentry"],"_links":{"self":[{"href":"https:\/\/cvillerha.com\/vi\/wp-json\/wp\/v2\/pages\/44","targetHints":{"allow":["GET"]}}],"collection":[{"href":"https:\/\/cvillerha.com\/vi\/wp-json\/wp\/v2\/pages"}],"about":[{"href":"https:\/\/cvillerha.com\/vi\/wp-json\/wp\/v2\/types\/page"}],"author":[{"embeddable":true,"href":"https:\/\/cvillerha.com\/vi\/wp-json\/wp\/v2\/users\/1"}],"replies":[{"embeddable":true,"href":"https:\/\/cvillerha.com\/vi\/wp-json\/wp\/v2\/comments?post=44"}],"version-history":[{"count":10,"href":"https:\/\/cvillerha.com\/vi\/wp-json\/wp\/v2\/pages\/44\/revisions"}],"predecessor-version":[{"id":3552,"href":"https:\/\/cvillerha.com\/vi\/wp-json\/wp\/v2\/pages\/44\/revisions\/3552"}],"wp:attachment":[{"href":"https:\/\/cvillerha.com\/vi\/wp-json\/wp\/v2\/media?parent=44"}],"curies":[{"name":"wp","href":"https:\/\/api.w.org\/{rel}","templated":true}]}}