{"id":439,"date":"2020-03-16T23:00:11","date_gmt":"2020-03-16T23:00:11","guid":{"rendered":"https:\/\/cvillerha.com\/?page_id=439"},"modified":"2025-11-24T14:38:10","modified_gmt":"2025-11-24T19:38:10","slug":"meetings","status":"publish","type":"page","link":"https:\/\/cvillerha.com\/vi\/meetings\/","title":{"rendered":"Cu\u1ed9c h\u1ecdp c\u1ee7a Ban qu\u1ea3n tr\u1ecb v\u00e0 \u1ee6y ban CRHA"},"content":{"rendered":"<div data-elementor-type=\"wp-page\" data-elementor-id=\"439\" class=\"elementor elementor-439\" data-elementor-post-type=\"page\">\n\t\t\t\t\t\t<section class=\"elementor-section elementor-top-section elementor-element elementor-element-9c1341e elementor-section-boxed elementor-section-height-default elementor-section-height-default\" data-id=\"9c1341e\" data-element_type=\"section\" data-e-type=\"section\">\n\t\t\t\t\t\t<div class=\"elementor-container elementor-column-gap-default\">\n\t\t\t\t\t<div class=\"elementor-column elementor-col-100 elementor-top-column elementor-element elementor-element-757e16d\" data-id=\"757e16d\" data-element_type=\"column\" data-e-type=\"column\">\n\t\t\t<div class=\"elementor-widget-wrap elementor-element-populated\">\n\t\t\t\t\t\t<section class=\"elementor-section elementor-inner-section elementor-element elementor-element-bc35b20 elementor-section-boxed elementor-section-height-default elementor-section-height-default\" data-id=\"bc35b20\" data-element_type=\"section\" data-e-type=\"section\" data-settings=\"{&quot;background_background&quot;:&quot;classic&quot;}\">\n\t\t\t\t\t\t<div class=\"elementor-container elementor-column-gap-default\">\n\t\t\t\t\t<div class=\"elementor-column elementor-col-50 elementor-inner-column elementor-element elementor-element-137fc6d\" data-id=\"137fc6d\" data-element_type=\"column\" data-e-type=\"column\">\n\t\t\t<div class=\"elementor-widget-wrap elementor-element-populated\">\n\t\t\t\t\t\t<div class=\"elementor-element elementor-element-ead5cc8 elementor-widget__width-initial elementor-widget elementor-widget-theme-site-logo elementor-widget-image\" data-id=\"ead5cc8\" data-element_type=\"widget\" data-e-type=\"widget\" data-widget_type=\"theme-site-logo.default\">\n\t\t\t\t<div class=\"elementor-widget-container\">\n\t\t\t\t\t\t\t\t\t\t\t<a href=\"https:\/\/cvillerha.com\/vi\">\n\t\t\t<img decoding=\"async\" src=\"https:\/\/i0.wp.com\/cvillerha.com\/wp-content\/uploads\/2023\/06\/CRHA_Logo_basic_59_-removebg-preview-removebg-preview.png?fit=100%2C100&#038;ssl=1\" title=\"Bi\u1ec3u t\u01b0\u1ee3ng CRHA\" alt=\"CRHA logo\" loading=\"lazy\" \/>\t\t\t\t<\/a>\n\t\t\t\t\t\t\t\t\t\t\t<\/div>\n\t\t\t\t<\/div>\n\t\t\t\t\t<\/div>\n\t\t<\/div>\n\t\t\t\t<div class=\"elementor-column elementor-col-50 elementor-inner-column elementor-element elementor-element-d4fab45\" data-id=\"d4fab45\" data-element_type=\"column\" data-e-type=\"column\">\n\t\t\t<div class=\"elementor-widget-wrap elementor-element-populated\">\n\t\t\t\t\t\t<div class=\"elementor-element elementor-element-6de0a0a elementor-widget__width-initial elementor-widget elementor-widget-heading\" data-id=\"6de0a0a\" data-element_type=\"widget\" data-e-type=\"widget\" data-widget_type=\"heading.default\">\n\t\t\t\t<div class=\"elementor-widget-container\">\n\t\t\t\t\t<h1 class=\"elementor-heading-title elementor-size-default\">Cu\u1ed9c h\u1ecdp c\u1ee7a H\u1ed9i \u0111\u1ed3ng qu\u1ea3n tr\u1ecb v\u00e0 \u1ee6y ban<\/h1>\t\t\t\t<\/div>\n\t\t\t\t<\/div>\n\t\t\t\t\t<\/div>\n\t\t<\/div>\n\t\t\t\t\t<\/div>\n\t\t<\/section>\n\t\t\t\t\t<\/div>\n\t\t<\/div>\n\t\t\t\t\t<\/div>\n\t\t<\/section>\n\t\t\t\t<section class=\"elementor-section elementor-top-section elementor-element elementor-element-42121ca elementor-section-boxed elementor-section-height-default elementor-section-height-default\" data-id=\"42121ca\" data-element_type=\"section\" data-e-type=\"section\">\n\t\t\t\t\t\t<div class=\"elementor-container elementor-column-gap-default\">\n\t\t\t\t\t<div class=\"elementor-column elementor-col-100 elementor-top-column elementor-element elementor-element-032c98c\" data-id=\"032c98c\" data-element_type=\"column\" data-e-type=\"column\">\n\t\t\t<div class=\"elementor-widget-wrap elementor-element-populated\">\n\t\t\t\t\t\t<div class=\"elementor-element elementor-element-7134ce6 elementor-widget elementor-widget-spacer\" data-id=\"7134ce6\" data-element_type=\"widget\" data-e-type=\"widget\" data-widget_type=\"spacer.default\">\n\t\t\t\t<div class=\"elementor-widget-container\">\n\t\t\t\t\t\t\t<div class=\"elementor-spacer\">\n\t\t\t<div class=\"elementor-spacer-inner\"><\/div>\n\t\t<\/div>\n\t\t\t\t\t\t<\/div>\n\t\t\t\t<\/div>\n\t\t\t\t\t<\/div>\n\t\t<\/div>\n\t\t\t\t\t<\/div>\n\t\t<\/section>\n\t\t\t\t<section class=\"elementor-section elementor-top-section elementor-element elementor-element-1b81660 elementor-section-boxed elementor-section-height-default elementor-section-height-default\" data-id=\"1b81660\" data-element_type=\"section\" data-e-type=\"section\">\n\t\t\t\t\t\t<div class=\"elementor-container elementor-column-gap-default\">\n\t\t\t\t\t<div class=\"elementor-column elementor-col-100 elementor-top-column elementor-element elementor-element-f92e0fc\" data-id=\"f92e0fc\" data-element_type=\"column\" data-e-type=\"column\">\n\t\t\t<div class=\"elementor-widget-wrap elementor-element-populated\">\n\t\t\t\t\t\t<div class=\"elementor-element elementor-element-7016701 elementor-widget__width-initial elementor-widget elementor-widget-text-editor\" data-id=\"7016701\" data-element_type=\"widget\" data-e-type=\"widget\" data-widget_type=\"text-editor.default\">\n\t\t\t\t<div class=\"elementor-widget-container\">\n\t\t\t\t\t\t\t\t\t<h2><strong>Cu\u1ed9c h\u1ecdp c\u1ee7a H\u1ed9i \u0111\u1ed3ng C\u01a1 quan Nh\u00e0 \u1edf v\u00e0 Ph\u00e1t tri\u1ec3n Charlottesville (CRHA)<\/strong><\/h2><p><em style=\"color: #000000;\">H\u1ed9i \u0111\u1ed3ng \u1ee6y vi\u00ean CRHA c\u00f3 cu\u1ed9c h\u1ecdp th\u01b0\u1eddng k\u1ef3 h\u00e0ng th\u00e1ng v\u00e0o<b> Th\u1ee9 Hai tu\u1ea7n th\u1ee9 4 c\u1ee7a m\u1ed7i th\u00e1ng l\u00fac 6:00 chi\u1ec1u<\/b>.\u00a0<\/em><\/p><p><em style=\"color: #000000;\">Ngo\u00e0i ra, H\u1ed9i \u0111\u1ed3ng th\u1ec9nh tho\u1ea3ng t\u1ed5 ch\u1ee9c c\u00e1c phi\u00ean l\u00e0m vi\u1ec7c, c\u00e1c cu\u1ed9c h\u1ecdp \u0111\u1eb7c bi\u1ec7t, v.v. \u0110\u1ec3 g\u1eedi \u00fd ki\u1ebfn \u0111\u1ec3 xem x\u00e9t t\u1ea1i cu\u1ed9c h\u1ecdp c\u1ee7a H\u1ed9i \u0111\u1ed3ng, vui l\u00f2ng g\u1eedi email\u00a0<\/em><span style=\"font-family: var( --e-global-typography-text-font-family ), Sans-serif;\"><span style=\"font-weight: var( --e-global-typography-text-font-weight ); background-color: rgba(248, 249, 252, 0); font-size: 1rem;\"><a href=\"mailto:comments@cvillerha.com\">comments@cvillerha.com<\/a><\/span><\/span><\/p><p><span style=\"font-family: var( --e-global-typography-text-font-family ), Sans-serif; font-weight: var( --e-global-typography-text-font-weight ); background-color: rgba(248, 249, 252, 0); font-size: 1rem;\">Li\u00ean k\u1ebft \u0111\u1ec3 tham gia l\u00e0\u00a0<\/span><a style=\"text-decoration-line: underline; text-align: -webkit-center;\" href=\"https:\/\/us06web.zoom.us\/j\/89232723573?pwd=KA9K5Jlp7aQs1HOQSXhQ8VjAHA7bfe.1\"><span style=\"font-weight: bolder;\">https:\/\/us06web.zoom.us\/j\/89232723573?pwd=KA9K5Jlp7aQs1HOQSXhQ8VjAHA7bfe.1<\/span><\/a><\/p>\t\t\t\t\t\t\t\t<\/div>\n\t\t\t\t<\/div>\n\t\t\t\t\t<\/div>\n\t\t<\/div>\n\t\t\t\t\t<\/div>\n\t\t<\/section>\n\t\t\t\t<section class=\"elementor-section elementor-top-section elementor-element elementor-element-0fb2b17 elementor-section-boxed elementor-section-height-default elementor-section-height-default\" data-id=\"0fb2b17\" data-element_type=\"section\" data-e-type=\"section\">\n\t\t\t\t\t\t<div class=\"elementor-container elementor-column-gap-default\">\n\t\t\t\t\t<div class=\"elementor-column elementor-col-100 elementor-top-column elementor-element elementor-element-c8f1bbb\" data-id=\"c8f1bbb\" data-element_type=\"column\" data-e-type=\"column\">\n\t\t\t<div class=\"elementor-widget-wrap elementor-element-populated\">\n\t\t\t\t\t\t<div class=\"elementor-element elementor-element-9658da8 elementor-widget__width-initial elementor-widget elementor-widget-text-editor\" data-id=\"9658da8\" data-element_type=\"widget\" data-e-type=\"widget\" data-widget_type=\"text-editor.default\">\n\t\t\t\t<div class=\"elementor-widget-container\">\n\t\t\t\t\t\t\t\t\t<h2><strong>\u1ee6y ban t\u00e1i ph\u00e1t tri\u1ec3n<\/strong><\/h2><p>\u1ee6y ban T\u00e1i ph\u00e1t tri\u1ec3n CRHA h\u1ecdp tr\u1ef1c tuy\u1ebfn qua Zoom v\u00e0o th\u1ee9 N\u0103m \u0111\u1ea7u ti\u00ean c\u1ee7a m\u1ed7i th\u00e1ng l\u00fac 3 gi\u1edd chi\u1ec1u. C\u00e1c cu\u1ed9c h\u1ecdp m\u1edf c\u1eeda cho c\u00f4ng ch\u00fang.<\/p><p><a title=\"URL g\u1ed1c: https:\/\/zoom.us\/j\/9588556349. Nh\u1ea5p ho\u1eb7c ch\u1ea1m v\u00e0o n\u1ebfu b\u1ea1n tin t\u01b0\u1edfng li\u00ean k\u1ebft n\u00e0y.\" href=\"https:\/\/nam02.safelinks.protection.outlook.com\/?url=https%3A%2F%2Fzoom.us%2Fj%2F9588556349&amp;data=05%7C02%7Cvogtl%40cvillerha.com%7C0b46fad49ce44f7c215d08dccc337582%7C17aaa96e8e07427ea4c7d7c5dff9c5b4%7C0%7C0%7C638609768589908072%7CUnknown%7CTWFpbGZsb3d8eyJWIjoiMC4wLjAwMDAiLCJQIjoiV2luMzIiLCJBTiI6Ik1haWwiLCJXVCI6Mn0%3D%7C0%7C%7C%7C&amp;sdata=jsLKaSd%2FIr7wjqZv0WKPivisVZS1HfH4BpIFqklpKxs%3D&amp;reserved=0\" target=\"_blank\" rel=\"noopener noreferrer\" data-auth=\"Verified\" data-linkindex=\"0\">https:\/\/zoom.us\/j\/9588556349<\/a><\/p><p>ID cu\u1ed9c h\u1ecdp: 958 855 6349<br \/>Di \u0111\u1ed9ng m\u1ed9t ch\u1ea1m<br \/>+13126266799,,9588556349# Hoa K\u1ef3 (Chicago)<br \/>+16465588656,,9588556349# Hoa K\u1ef3 (New York)<\/p><h2>\u1ee6y ban An to\u00e0n C\u01b0 d\u00e2n<\/h2><div>\u1ee6y ban h\u1ecdp tr\u1ef1c tuy\u1ebfn qua Zoom v\u00e0o th\u1ee9 T\u01b0 tu\u1ea7n th\u1ee9 hai h\u00e0ng th\u00e1ng l\u00fac 12 gi\u1edd tr\u01b0a.<\/div><p><span style=\"font-family: var( --e-global-typography-text-font-family ), Sans-serif; font-weight: var( --e-global-typography-text-font-weight ); font-size: 1rem; background-color: rgba(248, 249, 252, 0);\">\u00a0<\/span><span style=\"font-family: var( --e-global-typography-text-font-family ), Sans-serif; font-weight: var( --e-global-typography-text-font-weight ); font-size: 1rem; background-color: rgba(248, 249, 252, 0);\"><a href=\"https:\/\/us06web.zoom.us\/j\/7031009497\">h<\/a><\/span><span style=\"font-family: var( --e-global-typography-text-font-family ), Sans-serif; font-weight: var( --e-global-typography-text-font-weight ); font-size: 1rem; background-color: rgba(248, 249, 252, 0);\"><a href=\"https:\/\/us06web.zoom.us\/j\/7031009497\">ttps:\/\/us06web.zoom.us\/j\/7031009497<\/a><\/span><\/p><p><span data-olk-copy-source=\"MessageBody\">\u00a0<\/span><\/p><p>\u00a0<\/p><div>\u00a0<\/div><p>\u00a0<\/p>\t\t\t\t\t\t\t\t<\/div>\n\t\t\t\t<\/div>\n\t\t\t\t\t<\/div>\n\t\t<\/div>\n\t\t\t\t\t<\/div>\n\t\t<\/section>\n\t\t\t\t<section class=\"elementor-section elementor-top-section elementor-element elementor-element-5f8cfab elementor-section-boxed elementor-section-height-default elementor-section-height-default\" data-id=\"5f8cfab\" data-element_type=\"section\" data-e-type=\"section\">\n\t\t\t\t\t\t<div class=\"elementor-container elementor-column-gap-default\">\n\t\t\t\t\t<div class=\"elementor-column elementor-col-100 elementor-top-column elementor-element elementor-element-0b861ff\" data-id=\"0b861ff\" data-element_type=\"column\" data-e-type=\"column\">\n\t\t\t<div class=\"elementor-widget-wrap elementor-element-populated\">\n\t\t\t\t\t\t<div class=\"elementor-element elementor-element-183e977 elementor-widget elementor-widget-text-editor\" data-id=\"183e977\" data-element_type=\"widget\" data-e-type=\"widget\" data-widget_type=\"text-editor.default\">\n\t\t\t\t<div class=\"elementor-widget-container\">\n\t\t\t\t\t\t\t\t\t<p>Ch\u01b0\u01a1ng tr\u00ecnh ngh\u1ecb s\u1ef1 v\u00e0 bi\u00ean b\u1ea3n tr\u01b0\u1edbc \u0111\u00e2y: <a href=\"https:\/\/cvillerha.com\/vi\/boc-documents\/\" target=\"_blank\" rel=\"noopener\">L\u01b0u tr\u1eef cu\u1ed9c h\u1ecdp c\u1ee7a H\u1ed9i \u0111\u1ed3ng qu\u1ea3n tr\u1ecb v\u00e0 \u1ee6y ban<\/a><\/p>\t\t\t\t\t\t\t\t<\/div>\n\t\t\t\t<\/div>\n\t\t\t\t\t<\/div>\n\t\t<\/div>\n\t\t\t\t\t<\/div>\n\t\t<\/section>\n\t\t\t\t<section class=\"elementor-section elementor-top-section elementor-element elementor-element-9c9da40 elementor-section-boxed elementor-section-height-default elementor-section-height-default\" data-id=\"9c9da40\" data-element_type=\"section\" data-e-type=\"section\">\n\t\t\t\t\t\t<div class=\"elementor-container elementor-column-gap-default\">\n\t\t\t\t\t<div class=\"elementor-column elementor-col-100 elementor-top-column elementor-element elementor-element-faed0d3\" data-id=\"faed0d3\" data-element_type=\"column\" data-e-type=\"column\">\n\t\t\t<div class=\"elementor-widget-wrap elementor-element-populated\">\n\t\t\t\t\t\t<div class=\"elementor-element elementor-element-64c7731 elementor-widget elementor-widget-html\" data-id=\"64c7731\" data-element_type=\"widget\" data-e-type=\"widget\" data-widget_type=\"html.default\">\n\t\t\t\t<div class=\"elementor-widget-container\">\n\t\t\t\t\t<iframe title=\"l\u1ecbch google nh\u00fang\" src=\"https:\/\/calendar.google.com\/calendar\/embed?height=600&wkst=1&ctz=America%2FNew_York&bgcolor=%23ffffff&src=Y3JoYWN2aWxsZUBnbWFpbC5jb20&src=YWRkcmVzc2Jvb2sjY29udGFjdHNAZ3JvdXAudi5jYWxlbmRhci5nb29nbGUuY29t&src=ZW4udXNhI2hvbGlkYXlAZ3JvdXAudi5jYWxlbmRhci5nb29nbGUuY29t&color=%23039BE5&color=%2333B679&color=%230B8043\" style=\"border:solid 1px #777\" width=\"800\" height=\"600\" frameborder=\"0\" scrolling=\"no\"><\/iframe>\t\t\t\t<\/div>\n\t\t\t\t<\/div>\n\t\t\t\t<div class=\"elementor-element elementor-element-887690e elementor-widget elementor-widget-spacer\" data-id=\"887690e\" data-element_type=\"widget\" data-e-type=\"widget\" data-widget_type=\"spacer.default\">\n\t\t\t\t<div class=\"elementor-widget-container\">\n\t\t\t\t\t\t\t<div class=\"elementor-spacer\">\n\t\t\t<div class=\"elementor-spacer-inner\"><\/div>\n\t\t<\/div>\n\t\t\t\t\t\t<\/div>\n\t\t\t\t<\/div>\n\t\t\t\t\t<\/div>\n\t\t<\/div>\n\t\t\t\t\t<\/div>\n\t\t<\/section>\n\t\t\t\t<\/div>","protected":false},"excerpt":{"rendered":"<p>Board &amp; Committee Meetings Charlottesville Redevelopment and Housing Authority (CRHA) Board Meetings The CRHA Board of Commissioners has its regular monthly meeting on the 4th Monday of each month at 6:00pm.\u00a0 In addition, the Board occasionally holds work sessions, special meetings, etc.\u00a0 To submit comments for consideration at a Board meeting, please e-mail\u00a0comments@cvillerha.com The link [&hellip;]<\/p>\n","protected":false},"author":1,"featured_media":0,"parent":0,"menu_order":0,"comment_status":"closed","ping_status":"closed","template":"elementor_header_footer","meta":{"postBodyCss":"","postBodyMargin":[],"postBodyPadding":[],"postBodyBackground":{"backgroundType":"classic","gradient":""},"footnotes":""},"class_list":["post-439","page","type-page","status-publish","hentry"],"_links":{"self":[{"href":"https:\/\/cvillerha.com\/vi\/wp-json\/wp\/v2\/pages\/439","targetHints":{"allow":["GET"]}}],"collection":[{"href":"https:\/\/cvillerha.com\/vi\/wp-json\/wp\/v2\/pages"}],"about":[{"href":"https:\/\/cvillerha.com\/vi\/wp-json\/wp\/v2\/types\/page"}],"author":[{"embeddable":true,"href":"https:\/\/cvillerha.com\/vi\/wp-json\/wp\/v2\/users\/1"}],"replies":[{"embeddable":true,"href":"https:\/\/cvillerha.com\/vi\/wp-json\/wp\/v2\/comments?post=439"}],"version-history":[{"count":77,"href":"https:\/\/cvillerha.com\/vi\/wp-json\/wp\/v2\/pages\/439\/revisions"}],"predecessor-version":[{"id":4800,"href":"https:\/\/cvillerha.com\/vi\/wp-json\/wp\/v2\/pages\/439\/revisions\/4800"}],"wp:attachment":[{"href":"https:\/\/cvillerha.com\/vi\/wp-json\/wp\/v2\/media?parent=439"}],"curies":[{"name":"wp","href":"https:\/\/api.w.org\/{rel}","templated":true}]}}