{"id":2554,"date":"2023-08-03T15:40:07","date_gmt":"2023-08-03T15:40:07","guid":{"rendered":"https:\/\/cvillerha.com\/?page_id=2554"},"modified":"2023-08-14T13:48:57","modified_gmt":"2023-08-14T17:48:57","slug":"housing-options","status":"publish","type":"page","link":"https:\/\/cvillerha.com\/vi\/housing-options\/","title":{"rendered":"L\u1ef1a ch\u1ecdn nh\u00e0 \u1edf"},"content":{"rendered":"<div data-elementor-type=\"wp-page\" data-elementor-id=\"2554\" class=\"elementor elementor-2554\" data-elementor-post-type=\"page\">\n\t\t\t\t\t\t<section class=\"elementor-section elementor-top-section elementor-element elementor-element-7cdeca8 elementor-section-full_width elementor-section-height-min-height elementor-section-height-default elementor-section-items-middle\" data-id=\"7cdeca8\" data-element_type=\"section\" data-e-type=\"section\">\n\t\t\t\t\t\t\t<div class=\"elementor-background-overlay\"><\/div>\n\t\t\t\t\t\t\t<div class=\"elementor-container elementor-column-gap-default\">\n\t\t\t\t\t<div class=\"elementor-column elementor-col-100 elementor-top-column elementor-element elementor-element-299383f\" data-id=\"299383f\" data-element_type=\"column\" data-e-type=\"column\">\n\t\t\t<div class=\"elementor-widget-wrap elementor-element-populated\">\n\t\t\t\t\t\t<div class=\"elementor-element elementor-element-2c7cf71 elementor-widget elementor-widget-heading\" data-id=\"2c7cf71\" data-element_type=\"widget\" data-e-type=\"widget\" data-widget_type=\"heading.default\">\n\t\t\t\t<div class=\"elementor-widget-container\">\n\t\t\t\t\t<h2 class=\"elementor-heading-title elementor-size-default\">Ch\u01b0\u01a1ng tr\u00ecnh nh\u00e0 \u1edf<\/h2>\t\t\t\t<\/div>\n\t\t\t\t<\/div>\n\t\t\t\t\t<\/div>\n\t\t<\/div>\n\t\t\t\t\t<\/div>\n\t\t<\/section>\n\t\t\t\t<section class=\"elementor-section elementor-top-section elementor-element elementor-element-b6075f3 elementor-section-boxed elementor-section-height-default elementor-section-height-default\" data-id=\"b6075f3\" data-element_type=\"section\" data-e-type=\"section\">\n\t\t\t\t\t\t<div class=\"elementor-container elementor-column-gap-default\">\n\t\t\t\t\t<div class=\"elementor-column elementor-col-100 elementor-top-column elementor-element elementor-element-a0f2eda\" data-id=\"a0f2eda\" data-element_type=\"column\" data-e-type=\"column\">\n\t\t\t<div class=\"elementor-widget-wrap elementor-element-populated\">\n\t\t\t\t\t\t<div class=\"elementor-element elementor-element-4f38fce elementor-widget elementor-widget-spacer\" data-id=\"4f38fce\" data-element_type=\"widget\" data-e-type=\"widget\" data-widget_type=\"spacer.default\">\n\t\t\t\t<div class=\"elementor-widget-container\">\n\t\t\t\t\t\t\t<div class=\"elementor-spacer\">\n\t\t\t<div class=\"elementor-spacer-inner\"><\/div>\n\t\t<\/div>\n\t\t\t\t\t\t<\/div>\n\t\t\t\t<\/div>\n\t\t\t\t\t<\/div>\n\t\t<\/div>\n\t\t\t\t\t<\/div>\n\t\t<\/section>\n\t\t\t\t<section class=\"elementor-section elementor-top-section elementor-element elementor-element-32690cf elementor-section-full_width elementor-section-height-default elementor-section-height-default\" data-id=\"32690cf\" data-element_type=\"section\" data-e-type=\"section\" data-settings=\"{&quot;background_background&quot;:&quot;classic&quot;}\">\n\t\t\t\t\t\t<div class=\"elementor-container elementor-column-gap-default\">\n\t\t\t\t\t<div class=\"elementor-column elementor-col-100 elementor-top-column elementor-element elementor-element-85a0da1\" data-id=\"85a0da1\" data-element_type=\"column\" data-e-type=\"column\">\n\t\t\t<div class=\"elementor-widget-wrap elementor-element-populated\">\n\t\t\t\t\t\t<div class=\"elementor-element elementor-element-997f374 elementor-widget__width-initial elementor-widget elementor-widget-text-editor\" data-id=\"997f374\" data-element_type=\"widget\" data-e-type=\"widget\" data-widget_type=\"text-editor.default\">\n\t\t\t\t<div class=\"elementor-widget-container\">\n\t\t\t\t\t\t\t\t\t<h4><a href=\"https:\/\/cvillerha.com\/vi\/public-housing-2\/\">Nh\u00e0 \u1edf c\u00f4ng c\u1ed9ng:<\/a><\/h4>\t\t\t\t\t\t\t\t<\/div>\n\t\t\t\t<\/div>\n\t\t\t\t<div class=\"elementor-element elementor-element-ac55e22 elementor-widget__width-initial elementor-widget elementor-widget-text-editor\" data-id=\"ac55e22\" data-element_type=\"widget\" data-e-type=\"widget\" data-widget_type=\"text-editor.default\">\n\t\t\t\t<div class=\"elementor-widget-container\">\n\t\t\t\t\t\t\t\t\t<p><span class=\"TextRun SCXW237189606 BCX0\" lang=\"EN-US\" xml:lang=\"EN-US\" data-contrast=\"none\"><span class=\"NormalTextRun SCXW237189606 BCX0\">CRHA nh\u1eadn \u0111\u01b0\u1ee3c t\u00e0i tr\u1ee3 t\u1eeb\u00a0<\/span><span class=\"NormalTextRun SCXW237189606 BCX0\">B\u1ed9 Nh\u00e0 \u1edf v\u00e0 Ph\u00e1t tri\u1ec3n \u0110\u00f4 th\u1ecb (HUD)<\/span><span class=\"NormalTextRun SCXW237189606 BCX0\">\u00a0v\u00e0 c\u00e1c ngu\u1ed3n kh\u00e1c \u0111\u1ec3 <\/span><span class=\"NormalTextRun SCXW237189606 BCX0\">s\u1edf h\u1eefu, <\/span><span class=\"NormalTextRun SCXW237189606 BCX0\">qu\u1ea3n l\u00fd<\/span><span class=\"NormalTextRun SCXW237189606 BCX0\">,<\/span><span class=\"NormalTextRun SCXW237189606 BCX0\"> V\u00e0 <\/span><span class=\"NormalTextRun SCXW237189606 BCX0\">v\u1eadn h\u00e0nh<\/span><span class=\"NormalTextRun SCXW237189606 BCX0\"> b\u1ea3y c\u1ed9ng \u0111\u1ed3ng nh\u00e0 \u1edf c\u00f4ng c\u1ed9ng<\/span> <span class=\"NormalTextRun SCXW237189606 BCX0\">v\u1edbi 376 c\u0103n nh\u00e0 \u1edf c\u00f4ng c\u1ed9ng <\/span><span class=\"NormalTextRun SCXW237189606 BCX0\">TRONG <\/span><span class=\"NormalTextRun SCXW237189606 BCX0\">Th\u00e0nh ph\u1ed1 c\u1ee7a <\/span><span class=\"NormalTextRun SCXW237189606 BCX0\">Th\u00e0nh ph\u1ed1 Charlottesville.<\/span> <span class=\"NormalTextRun SCXW237189606 BCX0\">Ch\u01b0\u01a1ng tr\u00ecnh nh\u00e0 \u1edf c\u00f4ng c\u1ed9ng c\u1ee7a CRHA cam k\u1ebft cung c\u1ea5p nh\u00e0 \u1edf cho thu\u00ea an to\u00e0n v\u00e0 \u0111\u00e0ng ho\u00e0ng cho t\u1ea5t c\u1ea3 c\u00e1c gia \u0111\u00ecnh thu nh\u1eadp th\u1ea5p, ng\u01b0\u1eddi cao tu\u1ed5i v\u00e0 ng\u01b0\u1eddi khuy\u1ebft t\u1eadt \u0111\u1ee7 \u0111i\u1ec1u ki\u1ec7n. \u0110i\u1ec1u ki\u1ec7n \u0111\u1ee7 \u0111\u1ec3 \u0111\u01b0\u1ee3c nh\u1eadn nh\u00e0 \u1edf c\u00f4ng c\u1ed9ng l\u00e0 <\/span><span class=\"NormalTextRun SCXW237189606 BCX0\">x\u00e1c \u0111\u1ecbnh<\/span><span class=\"NormalTextRun SCXW237189606 BCX0\"> theo thu nh\u1eadp h\u1ed9 gia \u0111\u00ecnh<\/span><span class=\"NormalTextRun SCXW237189606 BCX0\">, t\u00ecnh tr\u1ea1ng c\u00f4ng d\u00e2n, <\/span><span class=\"NormalTextRun SCXW237189606 BCX0\">\u0111\u01a1n v\u1ecb ava<\/span><span class=\"NormalTextRun SCXW237189606 BCX0\">s\u1ef1 b\u1ea5t l\u1ef1c, <\/span><span class=\"NormalTextRun SCXW237189606 BCX0\">V\u00e0 <\/span><span class=\"NormalTextRun SCXW237189606 BCX0\">gia \u0111\u00ecnh<\/span><span class=\"NormalTextRun SCXW237189606 BCX0\"> tr\u1ea1ng th\u00e1i.<\/span><\/span><span class=\"EOP SCXW237189606 BCX0\" data-ccp-props=\"{&quot;201341983&quot;:0,&quot;335551550&quot;:1,&quot;335551620&quot;:1,&quot;335559739&quot;:160,&quot;335559740&quot;:259}\">\u00a0<\/span><\/p>\t\t\t\t\t\t\t\t<\/div>\n\t\t\t\t<\/div>\n\t\t\t\t\t<\/div>\n\t\t<\/div>\n\t\t\t\t\t<\/div>\n\t\t<\/section>\n\t\t\t\t<section class=\"elementor-section elementor-top-section elementor-element elementor-element-fe989c9 elementor-section-full_width elementor-section-height-default elementor-section-height-default\" data-id=\"fe989c9\" data-element_type=\"section\" data-e-type=\"section\" data-settings=\"{&quot;background_background&quot;:&quot;classic&quot;}\">\n\t\t\t\t\t\t<div class=\"elementor-container elementor-column-gap-default\">\n\t\t\t\t\t<div class=\"elementor-column elementor-col-100 elementor-top-column elementor-element elementor-element-db9d10c\" data-id=\"db9d10c\" data-element_type=\"column\" data-e-type=\"column\">\n\t\t\t<div class=\"elementor-widget-wrap elementor-element-populated\">\n\t\t\t\t\t\t<div class=\"elementor-element elementor-element-52cf4f4 elementor-widget__width-initial elementor-widget elementor-widget-text-editor\" data-id=\"52cf4f4\" data-element_type=\"widget\" data-e-type=\"widget\" data-widget_type=\"text-editor.default\">\n\t\t\t\t<div class=\"elementor-widget-container\">\n\t\t\t\t\t\t\t\t\t<h4><a href=\"https:\/\/cvillerha.com\/vi\/section-8-hcv-program\/\">Ch\u01b0\u01a1ng tr\u00ecnh Phi\u1ebfu l\u1ef1a ch\u1ecdn nh\u00e0 \u1edf (HCV):<\/a><\/h4>\t\t\t\t\t\t\t\t<\/div>\n\t\t\t\t<\/div>\n\t\t\t\t<div class=\"elementor-element elementor-element-0d7383c elementor-widget__width-initial elementor-widget elementor-widget-text-editor\" data-id=\"0d7383c\" data-element_type=\"widget\" data-e-type=\"widget\" data-widget_type=\"text-editor.default\">\n\t\t\t\t<div class=\"elementor-widget-container\">\n\t\t\t\t\t\t\t\t\t<p><span class=\"TextRun SCXW141071708 BCX0\" lang=\"EN-US\" xml:lang=\"EN-US\" data-contrast=\"auto\"><span class=\"NormalTextRun SCXW141071708 BCX0\">T<\/span><span class=\"NormalTextRun SCXW141071708 BCX0\">Ch\u01b0\u01a1ng tr\u00ecnh Phi\u1ebfu l\u1ef1a ch\u1ecdn nh\u00e0 \u1edf (HCV) <\/span><span class=\"NormalTextRun SCXW141071708 BCX0\">l\u00e0 m\u1ed9t <\/span><span class=\"NormalTextRun SCXW141071708 BCX0\">li\u00ean bang<\/span> <span class=\"NormalTextRun SCXW141071708 BCX0\">ch\u01b0\u01a1ng tr\u00ecnh \u0111\u01b0\u1ee3c t\u00e0i tr\u1ee3 cung c\u1ea5p <\/span><span class=\"NormalTextRun SCXW141071708 BCX0\">cho thu\u00ea <\/span><span class=\"NormalTextRun SCXW141071708 BCX0\">h\u1ed7 tr\u1ee3<\/span><span class=\"NormalTextRun SCXW141071708 BCX0\"> cho c\u00e1c gia \u0111\u00ecnh c\u00f3 thu nh\u1eadp th\u1ea5p <\/span><span class=\"NormalTextRun SCXW141071708 BCX0\">b\u1edfi v\u00ec\u00a0<\/span><span class=\"NormalTextRun SCXW141071708 BCX0\">tr\u1ee3 c\u1ea5p ti\u1ec1n thu\u00ea nh\u00e0<\/span><span class=\"NormalTextRun SCXW141071708 BCX0\">.<\/span><span class=\"NormalTextRun SCXW141071708 BCX0\"> B\u1ed9 ph\u1eadn <\/span><span class=\"NormalTextRun SCXW141071708 BCX0\">c\u1ee7a<\/span><span class=\"NormalTextRun SCXW141071708 BCX0\"> Nh\u00e0 \u1edf v\u00e0 Ph\u00e1t tri\u1ec3n \u0110\u00f4 th\u1ecb cung c\u1ea5p <\/span><span class=\"NormalTextRun SCXW141071708 BCX0\">CRHA c\u00f3 s\u1ed1 l\u01b0\u1ee3ng phi\u1ebfu gi\u1ea3m gi\u00e1 c\u00f3 h\u1ea1n \u0111\u1ec3 ph\u00e2n ph\u1ed1i cho nh\u1eefng ng\u01b0\u1eddi n\u1ed9p \u0111\u01a1n \u0111\u1ee7 \u0111i\u1ec1u ki\u1ec7n. <\/span><span class=\"NormalTextRun SCXW141071708 BCX0\">\u0110i\u1ec1u ki\u1ec7n \u0111\u1ee7<\/span><span class=\"NormalTextRun SCXW141071708 BCX0\"> c\u1ee7a ch\u01b0\u01a1ng tr\u00ecnh l\u00e0 <\/span><span class=\"NormalTextRun SCXW141071708 BCX0\">x\u00e1c \u0111\u1ecbnh<\/span><span class=\"NormalTextRun SCXW141071708 BCX0\"> qua <\/span><span class=\"NormalTextRun SCXW141071708 BCX0\">thu nh\u1eadp h\u1ed9 gia \u0111\u00ecnh, t\u00ecnh tr\u1ea1ng cung c\u1ea5p ch\u1ee9ng t\u1eeb v\u00e0 quy m\u00f4 gia \u0111\u00ecnh.<\/span><\/span><span class=\"EOP SCXW141071708 BCX0\" data-ccp-props=\"{&quot;201341983&quot;:0,&quot;335559739&quot;:160,&quot;335559740&quot;:259}\">\u00a0<\/span><\/p>\t\t\t\t\t\t\t\t<\/div>\n\t\t\t\t<\/div>\n\t\t\t\t\t<\/div>\n\t\t<\/div>\n\t\t\t\t\t<\/div>\n\t\t<\/section>\n\t\t\t\t<section class=\"elementor-section elementor-top-section elementor-element elementor-element-a0c93ce elementor-section-full_width elementor-section-height-default elementor-section-height-default\" data-id=\"a0c93ce\" data-element_type=\"section\" data-e-type=\"section\" data-settings=\"{&quot;background_background&quot;:&quot;classic&quot;}\">\n\t\t\t\t\t\t<div class=\"elementor-container elementor-column-gap-default\">\n\t\t\t\t\t<div class=\"elementor-column elementor-col-100 elementor-top-column elementor-element elementor-element-e5a4527\" data-id=\"e5a4527\" data-element_type=\"column\" data-e-type=\"column\">\n\t\t\t<div class=\"elementor-widget-wrap elementor-element-populated\">\n\t\t\t\t\t\t<div class=\"elementor-element elementor-element-8a122b1 elementor-widget__width-initial elementor-widget elementor-widget-text-editor\" data-id=\"8a122b1\" data-element_type=\"widget\" data-e-type=\"widget\" data-widget_type=\"text-editor.default\">\n\t\t\t\t<div class=\"elementor-widget-container\">\n\t\t\t\t\t\t\t\t\t<h4><a href=\"https:\/\/cvillerha.com\/vi\/charlottesville-supplemental-rental-assistance-program\/\">Ch\u01b0\u01a1ng tr\u00ecnh h\u1ed7 tr\u1ee3 ti\u1ec1n thu\u00ea nh\u00e0 b\u1ed5 sung Charlottesville (CSRAP):<\/a><\/h4>\t\t\t\t\t\t\t\t<\/div>\n\t\t\t\t<\/div>\n\t\t\t\t<div class=\"elementor-element elementor-element-aba2ec7 elementor-widget__width-initial elementor-widget elementor-widget-text-editor\" data-id=\"aba2ec7\" data-element_type=\"widget\" data-e-type=\"widget\" data-widget_type=\"text-editor.default\">\n\t\t\t\t<div class=\"elementor-widget-container\">\n\t\t\t\t\t\t\t\t\t<p><span class=\"NormalTextRun SCXW137912218 BCX0\">Ch\u01b0\u01a1ng tr\u00ecnh h\u1ed7 tr\u1ee3 ti\u1ec1n thu\u00ea nh\u00e0 b\u1ed5 sung Charlottesville (CSRAP) l\u00e0 ch\u01b0\u01a1ng tr\u00ecnh nh\u00e0 \u1edf t\u1ea1m th\u1eddi, h\u00e0ng th\u00e1ng <\/span><span class=\"NormalTextRun SCXW137912218 BCX0\">h\u1ed7 tr\u1ee3<\/span><span class=\"NormalTextRun SCXW137912218 BCX0\"> ch\u01b0\u01a1ng tr\u00ecnh do CRHA qu\u1ea3n l\u00fd v\u00e0 \u0111\u01b0\u1ee3c Th\u00e0nh ph\u1ed1 Charlottesville t\u00e0i tr\u1ee3. CSRAP kh\u00e1c v\u1edbi Ch\u01b0\u01a1ng tr\u00ecnh Phi\u1ebfu l\u1ef1a ch\u1ecdn nh\u00e0 \u1edf li\u00ean bang (tr\u01b0\u1edbc \u0111\u00e2y g\u1ecdi l\u00e0 M\u1ee5c 8) m\u1eb7c d\u00f9 n\u00f3 \u0111\u01b0\u1ee3c \u0111i\u1ec1u h\u00e0nh v\u1edbi c\u00e1c ti\u00eau chu\u1ea9n t\u01b0\u01a1ng t\u1ef1. \u0110i\u1ec1u ki\u1ec7n tham gia ch\u01b0\u01a1ng tr\u00ecnh l\u00e0 <\/span><span class=\"NormalTextRun SCXW137912218 BCX0\">x\u00e1c \u0111\u1ecbnh<\/span><span class=\"NormalTextRun SCXW137912218 BCX0\"> theo nhu c\u1ea7u nh\u00e0 \u1edf c\u1ee7a t\u1eebng c\u00e1 nh\u00e2n d\u1ef1a tr\u00ean ti\u00eau chu\u1ea9n c\u01b0 tr\u00fa c\u1ee7a CRHA v\u00e0 thu nh\u1eadp h\u1ed9 gia \u0111\u00ecnh.<\/span><\/p>\t\t\t\t\t\t\t\t<\/div>\n\t\t\t\t<\/div>\n\t\t\t\t\t<\/div>\n\t\t<\/div>\n\t\t\t\t\t<\/div>\n\t\t<\/section>\n\t\t\t\t<section class=\"elementor-section elementor-top-section elementor-element elementor-element-7a090d8 elementor-section-full_width elementor-section-height-default elementor-section-height-default\" data-id=\"7a090d8\" data-element_type=\"section\" data-e-type=\"section\">\n\t\t\t\t\t\t<div class=\"elementor-container elementor-column-gap-default\">\n\t\t\t\t\t<div class=\"elementor-column elementor-col-100 elementor-top-column elementor-element elementor-element-50cac9b\" data-id=\"50cac9b\" data-element_type=\"column\" data-e-type=\"column\">\n\t\t\t<div class=\"elementor-widget-wrap elementor-element-populated\">\n\t\t\t\t\t\t<div class=\"elementor-element elementor-element-5739737 elementor-widget elementor-widget-spacer\" data-id=\"5739737\" data-element_type=\"widget\" data-e-type=\"widget\" data-widget_type=\"spacer.default\">\n\t\t\t\t<div class=\"elementor-widget-container\">\n\t\t\t\t\t\t\t<div class=\"elementor-spacer\">\n\t\t\t<div class=\"elementor-spacer-inner\"><\/div>\n\t\t<\/div>\n\t\t\t\t\t\t<\/div>\n\t\t\t\t<\/div>\n\t\t\t\t<div class=\"elementor-element elementor-element-ebfaf20 elementor-widget elementor-widget-template\" data-id=\"ebfaf20\" data-element_type=\"widget\" data-e-type=\"widget\" data-widget_type=\"template.default\">\n\t\t\t\t<div class=\"elementor-widget-container\">\n\t\t\t\t\t\t\t<div class=\"elementor-template\">\n\t\t\t\t\t<\/div>\n\t\t\t\t\t\t<\/div>\n\t\t\t\t<\/div>\n\t\t\t\t\t<\/div>\n\t\t<\/div>\n\t\t\t\t\t<\/div>\n\t\t<\/section>\n\t\t\t\t<\/div>","protected":false},"excerpt":{"rendered":"<p>Housing Programs Public Housing: CRHA receives funding from the\u00a0Department of Housing and Urban Development (HUD)\u00a0and other sources to own, manage, and operate seven public housing communities with 376 public housing units in the City of Charlottesville. CRHA\u2019s public housing program is committed to excellence in providing decent and safe rental housing for all eligible low-income [&hellip;]<\/p>\n","protected":false},"author":28,"featured_media":0,"parent":0,"menu_order":0,"comment_status":"closed","ping_status":"closed","template":"elementor_header_footer","meta":{"postBodyCss":"","postBodyMargin":[],"postBodyPadding":[],"postBodyBackground":{"backgroundType":"classic","gradient":""},"footnotes":""},"class_list":["post-2554","page","type-page","status-publish","hentry"],"_links":{"self":[{"href":"https:\/\/cvillerha.com\/vi\/wp-json\/wp\/v2\/pages\/2554","targetHints":{"allow":["GET"]}}],"collection":[{"href":"https:\/\/cvillerha.com\/vi\/wp-json\/wp\/v2\/pages"}],"about":[{"href":"https:\/\/cvillerha.com\/vi\/wp-json\/wp\/v2\/types\/page"}],"author":[{"embeddable":true,"href":"https:\/\/cvillerha.com\/vi\/wp-json\/wp\/v2\/users\/28"}],"replies":[{"embeddable":true,"href":"https:\/\/cvillerha.com\/vi\/wp-json\/wp\/v2\/comments?post=2554"}],"version-history":[{"count":24,"href":"https:\/\/cvillerha.com\/vi\/wp-json\/wp\/v2\/pages\/2554\/revisions"}],"predecessor-version":[{"id":2761,"href":"https:\/\/cvillerha.com\/vi\/wp-json\/wp\/v2\/pages\/2554\/revisions\/2761"}],"wp:attachment":[{"href":"https:\/\/cvillerha.com\/vi\/wp-json\/wp\/v2\/media?parent=2554"}],"curies":[{"name":"wp","href":"https:\/\/api.w.org\/{rel}","templated":true}]}}