{"id":2400,"date":"2023-07-26T16:20:34","date_gmt":"2023-07-26T16:20:34","guid":{"rendered":"https:\/\/cvillerha.com\/?page_id=2400"},"modified":"2024-10-29T16:33:04","modified_gmt":"2024-10-29T20:33:04","slug":"charlottesville-supplemental-rental-assistance-program","status":"publish","type":"page","link":"https:\/\/cvillerha.com\/vi\/charlottesville-supplemental-rental-assistance-program\/","title":{"rendered":"Charlottesville Supplemental Rental Assistance Program"},"content":{"rendered":"<div data-elementor-type=\"wp-page\" data-elementor-id=\"2400\" class=\"elementor elementor-2400\" data-elementor-post-type=\"page\">\n\t\t\t\t\t\t<section class=\"elementor-section elementor-top-section elementor-element elementor-element-f214bb9 elementor-section-full_width elementor-section-height-default elementor-section-height-default\" data-id=\"f214bb9\" data-element_type=\"section\" data-e-type=\"section\">\n\t\t\t\t\t\t<div class=\"elementor-container elementor-column-gap-default\">\n\t\t\t\t\t<div class=\"elementor-column elementor-col-50 elementor-top-column elementor-element elementor-element-a3c67f4\" data-id=\"a3c67f4\" data-element_type=\"column\" data-e-type=\"column\" data-settings=\"{&quot;background_background&quot;:&quot;classic&quot;}\" role=\"img\">\n\t\t\t<div class=\"elementor-widget-wrap elementor-element-populated\">\n\t\t\t\t\t\t<div class=\"elementor-element elementor-element-a620cd7 elementor-widget elementor-widget-spacer\" data-id=\"a620cd7\" data-element_type=\"widget\" data-e-type=\"widget\" role=\"img\" data-widget_type=\"spacer.default\">\n\t\t\t\t<div class=\"elementor-widget-container\">\n\t\t\t\t\t\t\t<div class=\"elementor-spacer\">\n\t\t\t<div class=\"elementor-spacer-inner\"><\/div>\n\t\t<\/div>\n\t\t\t\t\t\t<\/div>\n\t\t\t\t<\/div>\n\t\t\t\t\t<\/div>\n\t\t<\/div>\n\t\t\t\t<div class=\"elementor-column elementor-col-50 elementor-top-column elementor-element elementor-element-6366eb4\" data-id=\"6366eb4\" data-element_type=\"column\" data-e-type=\"column\" data-settings=\"{&quot;background_background&quot;:&quot;classic&quot;}\">\n\t\t\t<div class=\"elementor-widget-wrap elementor-element-populated\">\n\t\t\t\t\t\t<div class=\"elementor-element elementor-element-e0d9c88 elementor-widget__width-initial elementor-headline--style-highlight elementor-widget elementor-widget-animated-headline\" data-id=\"e0d9c88\" data-element_type=\"widget\" data-e-type=\"widget\" data-settings=\"{&quot;marker&quot;:&quot;curly&quot;,&quot;headline_style&quot;:&quot;highlight&quot;,&quot;loop&quot;:&quot;yes&quot;,&quot;highlight_animation_duration&quot;:1200,&quot;highlight_iteration_delay&quot;:8000}\" data-widget_type=\"animated-headline.default\">\n\t\t\t\t<div class=\"elementor-widget-container\">\n\t\t\t\t\t\t\t<h1 class=\"elementor-headline\">\n\t\t\t\t\t<span class=\"elementor-headline-plain-text elementor-headline-text-wrapper\">Ch\u01b0\u01a1ng tr\u00ecnh h\u1ed7 tr\u1ee3 ti\u1ec1n thu\u00ea nh\u00e0 b\u1ed5 sung Charlottesville (CSRAP)<\/span>\n\t\t\t\t<span class=\"elementor-headline-dynamic-wrapper elementor-headline-text-wrapper\">\n\t\t\t\t<\/span>\n\t\t\t\t<\/h1>\n\t\t\t\t\t\t<\/div>\n\t\t\t\t<\/div>\n\t\t\t\t\t<\/div>\n\t\t<\/div>\n\t\t\t\t\t<\/div>\n\t\t<\/section>\n\t\t\t\t<section class=\"elementor-section elementor-top-section elementor-element elementor-element-2a95fee elementor-section-boxed elementor-section-height-default elementor-section-height-default\" data-id=\"2a95fee\" data-element_type=\"section\" data-e-type=\"section\">\n\t\t\t\t\t\t<div class=\"elementor-container elementor-column-gap-default\">\n\t\t\t\t\t<div class=\"elementor-column elementor-col-100 elementor-top-column elementor-element elementor-element-5e579ea\" data-id=\"5e579ea\" data-element_type=\"column\" data-e-type=\"column\">\n\t\t\t<div class=\"elementor-widget-wrap elementor-element-populated\">\n\t\t\t\t\t\t<div class=\"elementor-element elementor-element-2db644e elementor-widget elementor-widget-heading\" data-id=\"2db644e\" data-element_type=\"widget\" data-e-type=\"widget\" data-widget_type=\"heading.default\">\n\t\t\t\t<div class=\"elementor-widget-container\">\n\t\t\t\t\t<h2 class=\"elementor-heading-title elementor-size-default\">Ch\u01b0\u01a1ng tr\u00ecnh h\u1ed7 tr\u1ee3 ti\u1ec1n thu\u00ea nh\u00e0 b\u1ed5 sung Charlottesville (CSRAP)<\/h2>\t\t\t\t<\/div>\n\t\t\t\t<\/div>\n\t\t\t\t<div class=\"elementor-element elementor-element-2a024be elementor-widget__width-initial elementor-widget elementor-widget-text-editor\" data-id=\"2a024be\" data-element_type=\"widget\" data-e-type=\"widget\" data-widget_type=\"text-editor.default\">\n\t\t\t\t<div class=\"elementor-widget-container\">\n\t\t\t\t\t\t\t\t\t<p><span class=\"TextRun SCXW131020973 BCX0\" lang=\"EN-US\" xml:lang=\"EN-US\" data-contrast=\"none\"><span class=\"NormalTextRun SCXW131020973 BCX0\">Ch\u01b0\u01a1ng tr\u00ecnh h\u1ed7 tr\u1ee3 ti\u1ec1n thu\u00ea nh\u00e0 b\u1ed5 sung Charlottesville (CSRAP) l\u00e0 m\u1ed9t ch\u01b0\u01a1ng tr\u00ecnh t\u1ea1m th\u1eddi<\/span><span class=\"NormalTextRun SCXW131020973 BCX0\">, h\u00e0ng th\u00e1ng<\/span> <span class=\"NormalTextRun SCXW131020973 BCX0\">nh\u00e0 \u1edf <\/span><span class=\"NormalTextRun SCXW131020973 BCX0\">h\u1ed7 tr\u1ee3<\/span><span class=\"NormalTextRun SCXW131020973 BCX0\"> qu\u1ea3n l\u00fd ch\u01b0\u01a1ng tr\u00ecnh<\/span><span class=\"NormalTextRun SCXW131020973 BCX0\">\u0111\u01b0\u1ee3c CRHA ph\u00ea duy\u1ec7t<\/span><span class=\"NormalTextRun SCXW131020973 BCX0\"> v\u00e0 \u0111\u01b0\u1ee3c t\u00e0i tr\u1ee3 b\u1edfi Th\u00e0nh ph\u1ed1 Charlottesville<\/span><span class=\"NormalTextRun SCXW131020973 BCX0\">.<\/span><span class=\"NormalTextRun SCXW131020973 BCX0\"> CSRAP kh\u00e1c bi\u1ec7t <\/span><span class=\"NormalTextRun SCXW131020973 BCX0\">t\u1eeb<\/span><span class=\"NormalTextRun SCXW131020973 BCX0\"> Ch\u01b0\u01a1ng tr\u00ecnh Phi\u1ebfu l\u1ef1a ch\u1ecdn nh\u00e0 \u1edf li\u00ean bang (tr\u01b0\u1edbc \u0111\u00e2y g\u1ecdi l\u00e0 M\u1ee5c 8) m\u1eb7c d\u00f9 ch\u01b0\u01a1ng tr\u00ecnh n\u00e0y \u0111\u01b0\u1ee3c \u0111i\u1ec1u h\u00e0nh v\u1edbi c\u00e1c ti\u00eau chu\u1ea9n t\u01b0\u01a1ng t\u1ef1.<\/span> <span class=\"NormalTextRun SCXW131020973 BCX0\">\u0110i\u1ec1u ki\u1ec7n \u0111\u1ee7<\/span> <span class=\"NormalTextRun SCXW131020973 BCX0\">cho ch\u01b0\u01a1ng tr\u00ecnh l\u00e0 <\/span><span class=\"NormalTextRun SCXW131020973 BCX0\">x\u00e1c \u0111\u1ecbnh<\/span><span class=\"NormalTextRun SCXW131020973 BCX0\"> theo nhu c\u1ea7u nh\u00e0 \u1edf c\u1ee7a t\u1eebng c\u00e1 nh\u00e2n d\u1ef1a tr\u00ean ti\u00eau chu\u1ea9n c\u01b0 tr\u00fa c\u1ee7a CRHA<\/span><span class=\"NormalTextRun SCXW131020973 BCX0\"> v\u00e0 thu nh\u1eadp h\u1ed9 gia \u0111\u00ecnh.<\/span><\/span><span class=\"EOP SCXW131020973 BCX0\" data-ccp-props=\"{&quot;201341983&quot;:0,&quot;335551550&quot;:1,&quot;335551620&quot;:1,&quot;335559739&quot;:160,&quot;335559740&quot;:259}\">\u00a0<\/span><\/p><p><a class=\"Hyperlink SCXW199472130 BCX0\" href=\"https:\/\/agendas.cvilledata.org\/city-council-meeting\/2022-09-19T16:00:00\/original\/attachments\/crha-csrap-presentation-9-2022-final-8a631d79-b919-429c-8a0d-17084b7dc3b6.pdf\" target=\"_blank\" rel=\"noreferrer noopener\" aria-label=\"\"><span class=\"TextRun Underlined SCXW199472130 BCX0\" lang=\"EN-US\" xml:lang=\"EN-US\" data-contrast=\"none\"><span class=\"NormalTextRun SCXW199472130 BCX0\" data-ccp-charstyle=\"Hyperlink\">B\u00e0i tr\u00ecnh b\u00e0y CSRAP<\/span><\/span><\/a><\/p><p><strong>T\u00ednh \u0111\u1ebfn ng\u00e0y 14 th\u00e1ng 7, V\u0103n ph\u00f2ng HCVP v\u00e0 CSRAP \u0111\u00e3 chuy\u1ec3n \u0111\u1ebfn 110 5th Street, Northeast, Charlottesville, VA, 22902 (<a href=\"https:\/\/cvillerha.com\/wp-content\/uploads\/2023\/07\/HCVP-PUBLIC-ANNOUCEMENT-RELOCATION-OF-OFFICE.pdf\" target=\"_blank\" rel=\"noopener\" aria-label=\"\">Th\u00f4ng b\u00e1o ch\u00ednh th\u1ee9c<\/a>)<\/strong><\/p>\t\t\t\t\t\t\t\t<\/div>\n\t\t\t\t<\/div>\n\t\t\t\t\t<\/div>\n\t\t<\/div>\n\t\t\t\t\t<\/div>\n\t\t<\/section>\n\t\t\t\t<section class=\"elementor-section elementor-top-section elementor-element elementor-element-88999c1 elementor-section-full_width elementor-section-content-middle elementor-section-height-default elementor-section-height-default\" data-id=\"88999c1\" data-element_type=\"section\" data-e-type=\"section\">\n\t\t\t\t\t\t<div class=\"elementor-container elementor-column-gap-default\">\n\t\t\t\t\t<div class=\"elementor-column elementor-col-100 elementor-top-column elementor-element elementor-element-e03df9b\" data-id=\"e03df9b\" data-element_type=\"column\" data-e-type=\"column\" data-settings=\"{&quot;background_background&quot;:&quot;classic&quot;}\">\n\t\t\t<div class=\"elementor-widget-wrap elementor-element-populated\">\n\t\t\t\t\t\t<div class=\"elementor-element elementor-element-bb8815a elementor-widget__width-initial elementor-widget elementor-widget-heading\" data-id=\"bb8815a\" data-element_type=\"widget\" data-e-type=\"widget\" data-widget_type=\"heading.default\">\n\t\t\t\t<div class=\"elementor-widget-container\">\n\t\t\t\t\t<h2 class=\"elementor-heading-title elementor-size-default\">\u0110i\u1ec1u ki\u1ec7n \u0111\u1ee7<\/h2>\t\t\t\t<\/div>\n\t\t\t\t<\/div>\n\t\t\t\t<div class=\"elementor-element elementor-element-a753ddf elementor-widget__width-initial elementor-widget elementor-widget-text-editor\" data-id=\"a753ddf\" data-element_type=\"widget\" data-e-type=\"widget\" data-widget_type=\"text-editor.default\">\n\t\t\t\t<div class=\"elementor-widget-container\">\n\t\t\t\t\t\t\t\t\t<p><span class=\"NormalTextRun SCXW89462282 BCX0\">Th\u00e0nh ph\u1ed1 Charlottesville x\u00e1c \u0111\u1ecbnh<\/span><span class=\"NormalTextRun SCXW89462282 BCX0\"> \u0111\u1ee7 ti\u00eau chu\u1ea9n<\/span><span class=\"NormalTextRun SCXW89462282 BCX0\">kh\u1ea3 n\u0103ng cho CSRAP <\/span><span class=\"NormalTextRun SCXW89462282 BCX0\">d\u1ef1a tr\u00ean c\u00e1c ti\u00eau chu\u1ea9n t\u01b0\u01a1ng t\u1ef1 nh\u01b0 h\u01b0\u1edbng d\u1eabn v\u1ec1 Phi\u1ebfu l\u1ef1a ch\u1ecdn nh\u00e0 \u1edf c\u1ee7a CRHA l\u00e0\u2026<\/span><\/p><ol><li><span class=\"NormalTextRun SCXW89462282 BCX0\">Gi\u1edbi h\u1ea1n thu nh\u1eadp c\u1ee7a HUD, <\/span><\/li><li><span class=\"NormalTextRun SCXW89462282 BCX0\">T\u00ecnh tr\u1ea1ng c\u00f4ng d\u00e2n c\u1ee7a ng\u01b0\u1eddi n\u1ed9p \u0111\u01a1n,<\/span><\/li><li>Quy m\u00f4 gia \u0111\u00ecnh<\/li><\/ol>\t\t\t\t\t\t\t\t<\/div>\n\t\t\t\t<\/div>\n\t\t\t\t<div class=\"elementor-element elementor-element-80c2e33 elementor-widget__width-initial elementor-widget elementor-widget-accordion\" data-id=\"80c2e33\" data-element_type=\"widget\" data-e-type=\"widget\" data-widget_type=\"accordion.default\">\n\t\t\t\t<div class=\"elementor-widget-container\">\n\t\t\t\t\t\t\t<div class=\"elementor-accordion\">\n\t\t\t\t\t\t\t<div class=\"elementor-accordion-item\">\n\t\t\t\t\t<div id=\"elementor-tab-title-1351\" class=\"elementor-tab-title\" data-tab=\"1\" role=\"button\" aria-controls=\"elementor-tab-content-1351\" aria-expanded=\"false\">\n\t\t\t\t\t\t\t\t\t\t\t\t\t<span class=\"elementor-accordion-icon elementor-accordion-icon-left\" aria-hidden=\"true\">\n\t\t\t\t\t\t\t\t\t\t\t\t\t\t\t<span class=\"elementor-accordion-icon-closed\"><i class=\"fas fa-plus\"><\/i><\/span>\n\t\t\t\t\t\t\t\t<span class=\"elementor-accordion-icon-opened\"><i class=\"fas fa-minus\"><\/i><\/span>\n\t\t\t\t\t\t\t\t\t\t\t\t\t\t<\/span>\n\t\t\t\t\t\t\t\t\t\t\t\t<a class=\"elementor-accordion-title\" tabindex=\"0\">T\u00f4i c\u00f3 \u0111\u01b0\u1ee3c coi l\u00e0 c\u00f3 thu nh\u1eadp th\u1ea5p ho\u1eb7c r\u1ea5t th\u1ea5p theo HUD kh\u00f4ng?<\/a>\n\t\t\t\t\t<\/div>\n\t\t\t\t\t<div id=\"elementor-tab-content-1351\" class=\"elementor-tab-content elementor-clearfix\" data-tab=\"1\" role=\"region\" aria-labelledby=\"elementor-tab-title-1351\"><p><img fetchpriority=\"high\" decoding=\"async\" data-recalc-dims=\"1\" class=\"aligncenter wp-image-2076 size-large\" src=\"https:\/\/i0.wp.com\/cvillerha.com\/wp-content\/uploads\/2023\/07\/Screenshot-2023-07-12-at-3.19.37-PM.png?resize=783%2C600&#038;ssl=1\" alt=\"\" width=\"783\" height=\"600\" srcset=\"https:\/\/i0.wp.com\/cvillerha.com\/wp-content\/uploads\/2023\/07\/Screenshot-2023-07-12-at-3.19.37-PM.png?w=1206&amp;ssl=1 1206w, https:\/\/i0.wp.com\/cvillerha.com\/wp-content\/uploads\/2023\/07\/Screenshot-2023-07-12-at-3.19.37-PM.png?resize=300%2C230&amp;ssl=1 300w, https:\/\/i0.wp.com\/cvillerha.com\/wp-content\/uploads\/2023\/07\/Screenshot-2023-07-12-at-3.19.37-PM.png?resize=783%2C600&amp;ssl=1 783w, https:\/\/i0.wp.com\/cvillerha.com\/wp-content\/uploads\/2023\/07\/Screenshot-2023-07-12-at-3.19.37-PM.png?resize=768%2C588&amp;ssl=1 768w\" sizes=\"(max-width: 783px) 100vw, 783px\" \/><\/p><\/div>\n\t\t\t\t<\/div>\n\t\t\t\t\t\t\t\t<\/div>\n\t\t\t\t\t\t<\/div>\n\t\t\t\t<\/div>\n\t\t\t\t\t<\/div>\n\t\t<\/div>\n\t\t\t\t\t<\/div>\n\t\t<\/section>\n\t\t\t\t<section class=\"elementor-section elementor-top-section elementor-element elementor-element-d00ce4c elementor-section-boxed elementor-section-height-default elementor-section-height-default\" data-id=\"d00ce4c\" data-element_type=\"section\" data-e-type=\"section\">\n\t\t\t\t\t\t<div class=\"elementor-container elementor-column-gap-default\">\n\t\t\t\t\t<div class=\"elementor-column elementor-col-100 elementor-top-column elementor-element elementor-element-26d3e6a\" data-id=\"26d3e6a\" data-element_type=\"column\" data-e-type=\"column\">\n\t\t\t<div class=\"elementor-widget-wrap elementor-element-populated\">\n\t\t\t\t\t\t<div class=\"elementor-element elementor-element-8971e0f elementor-widget__width-initial elementor-widget elementor-widget-heading\" data-id=\"8971e0f\" data-element_type=\"widget\" data-e-type=\"widget\" data-widget_type=\"heading.default\">\n\t\t\t\t<div class=\"elementor-widget-container\">\n\t\t\t\t\t<h2 class=\"elementor-heading-title elementor-size-default\">T\u00e0i nguy\u00ean cho ch\u1ee7 nh\u00e0<\/h2>\t\t\t\t<\/div>\n\t\t\t\t<\/div>\n\t\t\t\t\t<\/div>\n\t\t<\/div>\n\t\t\t\t\t<\/div>\n\t\t<\/section>\n\t\t\t\t<section class=\"elementor-section elementor-top-section elementor-element elementor-element-e115da8 elementor-section-boxed elementor-section-height-default elementor-section-height-default\" data-id=\"e115da8\" data-element_type=\"section\" data-e-type=\"section\">\n\t\t\t\t\t\t<div class=\"elementor-container elementor-column-gap-default\">\n\t\t\t\t\t<div class=\"elementor-column elementor-col-100 elementor-top-column elementor-element elementor-element-237848f\" data-id=\"237848f\" data-element_type=\"column\" data-e-type=\"column\">\n\t\t\t<div class=\"elementor-widget-wrap elementor-element-populated\">\n\t\t\t\t\t\t<div class=\"elementor-element elementor-element-cfd0b61 elementor-widget__width-initial elementor-widget elementor-widget-text-editor\" data-id=\"cfd0b61\" data-element_type=\"widget\" data-e-type=\"widget\" data-widget_type=\"text-editor.default\">\n\t\t\t\t<div class=\"elementor-widget-container\">\n\t\t\t\t\t\t\t\t\t<p>CRHA \u0111ang c\u1ea7n th\u00eam nh\u00e0 \u1edf \u0111\u1ec3 h\u1ed7 tr\u1ee3 nh\u1eefng ng\u01b0\u1eddi tham gia ch\u01b0\u01a1ng tr\u00ecnh HCV v\u00e0 CSRAP. CRHA \u0111ang t\u00ecm ki\u1ebfm ch\u1ee7 nh\u00e0 \u0111\u1ec3 cung c\u1ea5p nh\u00e0 cho thu\u00ea gi\u00e1 r\u1ebb cho nh\u1eefng c\u00f4ng d\u00e2n c\u00f3 thu nh\u1eadp th\u1ea5p, ng\u01b0\u1eddi gi\u00e0, ng\u01b0\u1eddi khuy\u1ebft t\u1eadt v\u00e0 c\u1ef1u chi\u1ebfn binh \u0111ang sinh s\u1ed1ng t\u1ea1i th\u00e0nh ph\u1ed1.<\/p><p>\u0110\u1ec3 bi\u1ebft th\u00f4ng tin chi ti\u1ebft h\u01a1n v\u1ec1 nh\u1eefng l\u1ee3i \u00edch khi tham gia Ch\u01b0\u01a1ng tr\u00ecnh HCV v\u1edbi t\u01b0 c\u00e1ch l\u00e0 ch\u1ee7 nh\u00e0, h\u00e3y tham kh\u1ea3o c\u00e1c g\u00f3i th\u00f4ng tin b\u00ean d\u01b0\u1edbi ho\u1eb7c g\u1ecdi <strong>(434) 326-4672<\/strong>.<\/p><h3>G\u00f3i th\u00f4ng tin:<\/h3><p><a href=\"https:\/\/cvillerha.com\/wp-content\/uploads\/2023\/07\/CRHA-HCV-Landlord-Lease-Up-Process-Handout.pdf\" target=\"_blank\" rel=\"noopener\" aria-label=\"\">Th\u00f4ng tin v\u1ec1 quy tr\u00ecnh cho thu\u00ea c\u1ee7a ch\u1ee7 nh\u00e0 HCV<\/a><\/p><p><a href=\"https:\/\/cvillerha.com\/wp-content\/uploads\/2023\/07\/CRHA-HCV-New-Owners-Packet-2022.pdf\" target=\"_blank\" rel=\"noopener\" aria-label=\"\">G\u00f3i t\u00e0i li\u1ec7u d\u00e0nh cho ch\u1ee7 nh\u00e0 HCV<\/a><\/p><p>N\u1ebfu b\u1ea1n quan t\u00e2m \u0111\u1ebfn vi\u1ec7c n\u1ed9p \u0111\u01a1n xin tr\u1edf th\u00e0nh ch\u1ee7 nh\u00e0, vui l\u00f2ng \u0111i\u1ec1n v\u00e0o c\u00e1c bi\u1ec3u m\u1eabu sau v\u00e0 g\u1eedi l\u1ea1i cho v\u0103n ph\u00f2ng HCVP c\u1ee7a CRHA t\u1ea1i \u0111\u1ecba ch\u1ec9 110 5th Street, Northeast, Charlottesville, VA, 22902<\/p><h3>M\u1eabu \u0111\u01a1n \u0111\u0103ng k\u00fd:<\/h3><p><a href=\"https:\/\/cvillerha.com\/wp-content\/uploads\/2023\/07\/CRHA-Owner-application-2021.pdf\" target=\"_blank\" rel=\"noopener\" aria-label=\"\">HCV \u2013 M\u1eabu \u0111\u01a1n xin c\u1ea5p gi\u1ea5y ph\u00e9p cho ch\u1ee7 nh\u00e0\/ch\u1ee7 s\u1edf h\u1eefu<\/a><\/p><p><a href=\"https:\/\/cvillerha.com\/wp-content\/uploads\/2023\/07\/CRHA-Unit-Characteristics-Form-2021.pdf\" target=\"_blank\" rel=\"noopener\" aria-label=\"\">Bi\u1ec3u m\u1eabu \u0111\u1eb7c \u0111i\u1ec3m \u0111\u01a1n v\u1ecb<\/a><\/p><p><a href=\"https:\/\/cvillerha.com\/wp-content\/uploads\/2023\/07\/LANDLORD-WELCOME-LETTER.pdf\" target=\"_blank\" rel=\"noopener\" aria-label=\"\">HCV- Th\u01b0 ch\u00e0o m\u1eebng ch\u1ee7 nh\u00e0<\/a><\/p><p><a href=\"https:\/\/cvillerha.com\/wp-content\/uploads\/2023\/07\/CRHA-CSRAP-LANDLORD-CERTIFICATION-RESPONSIBILITY.pdf\" target=\"_blank\" rel=\"noopener\" aria-label=\"\">CSRAP \u2013 Bi\u1ec3u m\u1eabu ch\u1ee9ng nh\u1eadn tr\u00e1ch nhi\u1ec7m c\u1ee7a ch\u1ee7 nh\u00e0<\/a><\/p><p><a href=\"https:\/\/cvillerha.com\/wp-content\/uploads\/2023\/07\/CRHA-Unit-Characteristics-Form-2021.pdf\" target=\"_blank\" rel=\"noopener\" aria-label=\"\">Bi\u1ec3u m\u1eabu \u0111\u1eb7c \u0111i\u1ec3m \u0111\u01a1n v\u1ecb<\/a><\/p><p><a href=\"https:\/\/cvillerha.com\/wp-content\/uploads\/2023\/07\/CSRAP-CRHA-Owner-application-2021.pdf\" target=\"_blank\" rel=\"noopener\" aria-label=\"\">CSRAP \u2013 M\u1eabu \u0111\u01a1n xin c\u1ee7a ch\u1ee7 nh\u00e0\/ch\u1ee7 s\u1edf h\u1eefu<\/a><\/p><p><a href=\"https:\/\/cvillerha.com\/wp-content\/uploads\/2023\/07\/LANDLORD-WELCOME-LETTER.pdf\" target=\"_blank\" rel=\"noopener\" aria-label=\"\">HCV- Th\u01b0 ch\u00e0o m\u1eebng ch\u1ee7 nh\u00e0<\/a><\/p><p><a href=\"https:\/\/cvillerha.com\/wp-content\/uploads\/2023\/07\/W-9-FEDERAL-IRS-FORM.pdf\" target=\"_blank\" rel=\"noopener\" aria-label=\"\">M\u1eabu W-9 c\u1ee7a IRS Li\u00ean bang<\/a><\/p>\t\t\t\t\t\t\t\t<\/div>\n\t\t\t\t<\/div>\n\t\t\t\t\t<\/div>\n\t\t<\/div>\n\t\t\t\t\t<\/div>\n\t\t<\/section>\n\t\t\t\t<\/div>","protected":false},"excerpt":{"rendered":"<p>Charlottesville Supplemental Rental Assistance Program (CSRAP) Charlottesville Supplemental Rental Assistance Program (CSRAP) The Charlottesville Supplemental Rental Assistance Program (CSRAP) is a transitional, monthly housing assistance program administered by CRHA and funded by the City of Charlottesville. CSRAP is different from the federal Housing Choice Voucher Program (previously known as Section 8) though it is run [&hellip;]<\/p>\n","protected":false},"author":28,"featured_media":0,"parent":0,"menu_order":0,"comment_status":"closed","ping_status":"closed","template":"elementor_header_footer","meta":{"postBodyCss":"","postBodyMargin":[],"postBodyPadding":[],"postBodyBackground":{"backgroundType":"classic","gradient":""},"footnotes":""},"class_list":["post-2400","page","type-page","status-publish","hentry"],"_links":{"self":[{"href":"https:\/\/cvillerha.com\/vi\/wp-json\/wp\/v2\/pages\/2400","targetHints":{"allow":["GET"]}}],"collection":[{"href":"https:\/\/cvillerha.com\/vi\/wp-json\/wp\/v2\/pages"}],"about":[{"href":"https:\/\/cvillerha.com\/vi\/wp-json\/wp\/v2\/types\/page"}],"author":[{"embeddable":true,"href":"https:\/\/cvillerha.com\/vi\/wp-json\/wp\/v2\/users\/28"}],"replies":[{"embeddable":true,"href":"https:\/\/cvillerha.com\/vi\/wp-json\/wp\/v2\/comments?post=2400"}],"version-history":[{"count":31,"href":"https:\/\/cvillerha.com\/vi\/wp-json\/wp\/v2\/pages\/2400\/revisions"}],"predecessor-version":[{"id":4180,"href":"https:\/\/cvillerha.com\/vi\/wp-json\/wp\/v2\/pages\/2400\/revisions\/4180"}],"wp:attachment":[{"href":"https:\/\/cvillerha.com\/vi\/wp-json\/wp\/v2\/media?parent=2400"}],"curies":[{"name":"wp","href":"https:\/\/api.w.org\/{rel}","templated":true}]}}