{"id":1985,"date":"2023-07-12T20:04:47","date_gmt":"2023-07-12T20:04:47","guid":{"rendered":"https:\/\/cvillerha.com\/?page_id=1985"},"modified":"2024-10-29T15:35:11","modified_gmt":"2024-10-29T19:35:11","slug":"section-3","status":"publish","type":"page","link":"https:\/\/cvillerha.com\/vi\/section-3\/","title":{"rendered":"Section 3"},"content":{"rendered":"<div data-elementor-type=\"wp-page\" data-elementor-id=\"1985\" class=\"elementor elementor-1985\" data-elementor-post-type=\"page\">\n\t\t\t\t\t\t<section class=\"elementor-section elementor-top-section elementor-element elementor-element-bfef5f7 elementor-section-full_width elementor-section-height-default elementor-section-height-default\" data-id=\"bfef5f7\" data-element_type=\"section\" data-e-type=\"section\">\n\t\t\t\t\t\t<div class=\"elementor-container elementor-column-gap-default\">\n\t\t\t\t\t<div class=\"elementor-column elementor-col-50 elementor-top-column elementor-element elementor-element-96995cd\" data-id=\"96995cd\" data-element_type=\"column\" data-e-type=\"column\" data-settings=\"{&quot;background_background&quot;:&quot;classic&quot;}\" role=\"img\">\n\t\t\t<div class=\"elementor-widget-wrap elementor-element-populated\">\n\t\t\t\t\t\t<div class=\"elementor-element elementor-element-762912d elementor-widget elementor-widget-spacer\" data-id=\"762912d\" data-element_type=\"widget\" data-e-type=\"widget\" data-widget_type=\"spacer.default\">\n\t\t\t\t<div class=\"elementor-widget-container\">\n\t\t\t\t\t\t\t<div class=\"elementor-spacer\">\n\t\t\t<div class=\"elementor-spacer-inner\"><\/div>\n\t\t<\/div>\n\t\t\t\t\t\t<\/div>\n\t\t\t\t<\/div>\n\t\t\t\t\t<\/div>\n\t\t<\/div>\n\t\t\t\t<div class=\"elementor-column elementor-col-50 elementor-top-column elementor-element elementor-element-78a4731\" data-id=\"78a4731\" data-element_type=\"column\" data-e-type=\"column\">\n\t\t\t<div class=\"elementor-widget-wrap elementor-element-populated\">\n\t\t\t\t\t\t<div class=\"elementor-element elementor-element-e937a32 elementor-headline--style-highlight elementor-widget elementor-widget-animated-headline\" data-id=\"e937a32\" data-element_type=\"widget\" data-e-type=\"widget\" data-settings=\"{&quot;marker&quot;:&quot;underline&quot;,&quot;highlighted_text&quot;:&quot;Economic Opportunity Program&quot;,&quot;headline_style&quot;:&quot;highlight&quot;,&quot;highlight_animation_duration&quot;:1200}\" data-widget_type=\"animated-headline.default\">\n\t\t\t\t<div class=\"elementor-widget-container\">\n\t\t\t\t\t\t\t<h1 class=\"elementor-headline\">\n\t\t\t\t<span class=\"elementor-headline-dynamic-wrapper elementor-headline-text-wrapper\">\n\t\t\t\t\t<span class=\"elementor-headline-dynamic-text elementor-headline-text-active\">Ch\u01b0\u01a1ng tr\u00ecnh C\u01a1 h\u1ed9i Kinh t\u1ebf<\/span>\n\t\t\t\t<\/span>\n\t\t\t\t<\/h1>\n\t\t\t\t\t\t<\/div>\n\t\t\t\t<\/div>\n\t\t\t\t\t<\/div>\n\t\t<\/div>\n\t\t\t\t\t<\/div>\n\t\t<\/section>\n\t\t\t\t<section class=\"elementor-section elementor-top-section elementor-element elementor-element-5b4ed46 elementor-section-full_width elementor-section-height-default elementor-section-height-default\" data-id=\"5b4ed46\" data-element_type=\"section\" data-e-type=\"section\">\n\t\t\t\t\t\t\t<div class=\"elementor-background-overlay\"><\/div>\n\t\t\t\t\t\t\t<div class=\"elementor-container elementor-column-gap-default\">\n\t\t\t\t\t<div class=\"elementor-column elementor-col-100 elementor-top-column elementor-element elementor-element-4b41cbc\" data-id=\"4b41cbc\" data-element_type=\"column\" data-e-type=\"column\">\n\t\t\t<div class=\"elementor-widget-wrap elementor-element-populated\">\n\t\t\t\t\t\t<div class=\"elementor-element elementor-element-81a04d1 elementor-widget__width-initial elementor-widget elementor-widget-text-editor\" data-id=\"81a04d1\" data-element_type=\"widget\" data-e-type=\"widget\" data-widget_type=\"text-editor.default\">\n\t\t\t\t<div class=\"elementor-widget-container\">\n\t\t\t\t\t\t\t\t\t<p>Ch\u01b0\u01a1ng tr\u00ecnh C\u01a1 h\u1ed9i kinh t\u1ebf c\u1ee7a CRHA l\u00e0 m\u1ed9t ph\u1ea7n c\u1ee7a<a href=\"https:\/\/www.hud.gov\/section3\"> Ch\u01b0\u01a1ng tr\u00ecnh M\u1ee5c 3 c\u1ee7a HUD<\/a> gi\u00fap c\u01b0 d\u00e2n c\u1ee7a c\u00e1c c\u1ed9ng \u0111\u1ed3ng thu nh\u1eadp th\u1ea5p \u0111\u01b0\u1ee3c li\u00ean bang t\u00e0i tr\u1ee3 c\u1ea3i thi\u1ec7n ph\u00fac l\u1ee3i kinh t\u1ebf th\u00f4ng qua \u0111\u00e0o t\u1ea1o ngh\u1ec1, vi\u1ec7c l\u00e0m v\u00e0 c\u01a1 h\u1ed9i h\u1ee3p \u0111\u1ed3ng.<\/p>\t\t\t\t\t\t\t\t<\/div>\n\t\t\t\t<\/div>\n\t\t\t\t\t<\/div>\n\t\t<\/div>\n\t\t\t\t\t<\/div>\n\t\t<\/section>\n\t\t\t\t<section class=\"elementor-section elementor-top-section elementor-element elementor-element-63657bf elementor-section-boxed elementor-section-height-default elementor-section-height-default\" data-id=\"63657bf\" data-element_type=\"section\" data-e-type=\"section\">\n\t\t\t\t\t\t<div class=\"elementor-container elementor-column-gap-default\">\n\t\t\t\t\t<div class=\"elementor-column elementor-col-100 elementor-top-column elementor-element elementor-element-acaea05\" data-id=\"acaea05\" data-element_type=\"column\" data-e-type=\"column\">\n\t\t\t<div class=\"elementor-widget-wrap elementor-element-populated\">\n\t\t\t\t\t\t<section class=\"elementor-section elementor-inner-section elementor-element elementor-element-9539813 elementor-section-boxed elementor-section-height-default elementor-section-height-default\" data-id=\"9539813\" data-element_type=\"section\" data-e-type=\"section\">\n\t\t\t\t\t\t<div class=\"elementor-container elementor-column-gap-default\">\n\t\t\t\t\t<div class=\"elementor-column elementor-col-50 elementor-inner-column elementor-element elementor-element-b8cd1e1\" data-id=\"b8cd1e1\" data-element_type=\"column\" data-e-type=\"column\">\n\t\t\t<div class=\"elementor-widget-wrap elementor-element-populated\">\n\t\t\t\t\t\t<div class=\"elementor-element elementor-element-cbd29bd elementor-widget elementor-widget-heading\" data-id=\"cbd29bd\" data-element_type=\"widget\" data-e-type=\"widget\" data-widget_type=\"heading.default\">\n\t\t\t\t<div class=\"elementor-widget-container\">\n\t\t\t\t\t<h2 class=\"elementor-heading-title elementor-size-default\">C\u01b0 d\u00e2n m\u1ee5c 3<\/h2>\t\t\t\t<\/div>\n\t\t\t\t<\/div>\n\t\t\t\t<div class=\"elementor-element elementor-element-51034f7 elementor-widget__width-initial elementor-widget elementor-widget-text-editor\" data-id=\"51034f7\" data-element_type=\"widget\" data-e-type=\"widget\" data-widget_type=\"text-editor.default\">\n\t\t\t\t<div class=\"elementor-widget-container\">\n\t\t\t\t\t\t\t\t\t<ul><li>B\u1ea1n c\u00f3 ph\u1ea3i l\u00e0 c\u01b0 d\u00e2n nh\u00e0 \u1edf c\u00f4ng c\u1ed9ng CRHA kh\u00f4ng?\u00a0<strong>HO\u1eb6C<\/strong><\/li><li>B\u1ea1n c\u00f3 ph\u1ea3i l\u00e0 ng\u01b0\u1eddi s\u1edf h\u1eefu Phi\u1ebfu l\u1ef1a ch\u1ecdn nh\u00e0 \u1edf nh\u01b0 CSRAP ho\u1eb7c H\u1ed7 tr\u1ee3 ti\u1ec1n thu\u00ea nh\u00e0 theo M\u1ee5c 8 kh\u00f4ng?\u00a0<strong>HO\u1eb6C<\/strong><\/li><li>B\u1ea1n c\u00f3 ph\u1ea3i l\u00e0 c\u01b0 d\u00e2n c\u00f3 thu nh\u1eadp th\u1ea5p ho\u1eb7c r\u1ea5t th\u1ea5p t\u1ea1i khu v\u1ef1c d\u1ecbch v\u1ee5 c\u1ee7a CRHA kh\u00f4ng?\u00a0<\/li><\/ul>\t\t\t\t\t\t\t\t<\/div>\n\t\t\t\t<\/div>\n\t\t\t\t<div class=\"elementor-element elementor-element-5f79d38 elementor-widget elementor-widget-html\" data-id=\"5f79d38\" data-element_type=\"widget\" data-e-type=\"widget\" data-widget_type=\"html.default\">\n\t\t\t\t<div class=\"elementor-widget-container\">\n\t\t\t\t\t<script>\njQuery(document).ready(function($) {\nvar delay = 100; setTimeout(function() {\n$('.elementor-tab-title').removeClass('elementor-active');\n $('.elementor-tab-content').css('display', 'none'); }, delay);\n});\n<\/script>\t\t\t\t<\/div>\n\t\t\t\t<\/div>\n\t\t\t\t<div class=\"elementor-element elementor-element-8511cd5 elementor-widget elementor-widget-accordion\" data-id=\"8511cd5\" data-element_type=\"widget\" data-e-type=\"widget\" data-widget_type=\"accordion.default\">\n\t\t\t\t<div class=\"elementor-widget-container\">\n\t\t\t\t\t\t\t<div class=\"elementor-accordion\">\n\t\t\t\t\t\t\t<div class=\"elementor-accordion-item\">\n\t\t\t\t\t<div id=\"elementor-tab-title-1391\" class=\"elementor-tab-title\" data-tab=\"1\" role=\"button\" aria-controls=\"elementor-tab-content-1391\" aria-expanded=\"false\">\n\t\t\t\t\t\t\t\t\t\t\t\t\t<span class=\"elementor-accordion-icon elementor-accordion-icon-left\" aria-hidden=\"true\">\n\t\t\t\t\t\t\t\t\t\t\t\t\t\t\t<span class=\"elementor-accordion-icon-closed\"><i class=\"fas fa-plus\"><\/i><\/span>\n\t\t\t\t\t\t\t\t<span class=\"elementor-accordion-icon-opened\"><i class=\"fas fa-minus\"><\/i><\/span>\n\t\t\t\t\t\t\t\t\t\t\t\t\t\t<\/span>\n\t\t\t\t\t\t\t\t\t\t\t\t<a class=\"elementor-accordion-title\" tabindex=\"0\">T\u00f4i c\u00f3 \u0111\u01b0\u1ee3c coi l\u00e0 c\u00f3 thu nh\u1eadp th\u1ea5p ho\u1eb7c r\u1ea5t th\u1ea5p theo HUD kh\u00f4ng?<\/a>\n\t\t\t\t\t<\/div>\n\t\t\t\t\t<div id=\"elementor-tab-content-1391\" class=\"elementor-tab-content elementor-clearfix\" data-tab=\"1\" role=\"region\" aria-labelledby=\"elementor-tab-title-1391\"><img fetchpriority=\"high\" decoding=\"async\" data-recalc-dims=\"1\" class=\"aligncenter wp-image-2076 size-large\" src=\"https:\/\/i0.wp.com\/cvillerha.com\/wp-content\/uploads\/2023\/07\/Screenshot-2023-07-12-at-3.19.37-PM.png?resize=783%2C600&#038;ssl=1\" alt=\"income guidelines for programs\" width=\"783\" height=\"600\" srcset=\"https:\/\/i0.wp.com\/cvillerha.com\/wp-content\/uploads\/2023\/07\/Screenshot-2023-07-12-at-3.19.37-PM.png?w=1206&amp;ssl=1 1206w, https:\/\/i0.wp.com\/cvillerha.com\/wp-content\/uploads\/2023\/07\/Screenshot-2023-07-12-at-3.19.37-PM.png?resize=300%2C230&amp;ssl=1 300w, https:\/\/i0.wp.com\/cvillerha.com\/wp-content\/uploads\/2023\/07\/Screenshot-2023-07-12-at-3.19.37-PM.png?resize=783%2C600&amp;ssl=1 783w, https:\/\/i0.wp.com\/cvillerha.com\/wp-content\/uploads\/2023\/07\/Screenshot-2023-07-12-at-3.19.37-PM.png?resize=768%2C588&amp;ssl=1 768w\" sizes=\"(max-width: 783px) 100vw, 783px\" \/><\/div>\n\t\t\t\t<\/div>\n\t\t\t\t\t\t\t\t<\/div>\n\t\t\t\t\t\t<\/div>\n\t\t\t\t<\/div>\n\t\t\t\t\t<\/div>\n\t\t<\/div>\n\t\t\t\t<div class=\"elementor-column elementor-col-50 elementor-inner-column elementor-element elementor-element-ede24cd\" data-id=\"ede24cd\" data-element_type=\"column\" data-e-type=\"column\">\n\t\t\t<div class=\"elementor-widget-wrap elementor-element-populated\">\n\t\t\t\t\t\t<div class=\"elementor-element elementor-element-3507f09 elementor-widget elementor-widget-heading\" data-id=\"3507f09\" data-element_type=\"widget\" data-e-type=\"widget\" data-widget_type=\"heading.default\">\n\t\t\t\t<div class=\"elementor-widget-container\">\n\t\t\t\t\t<h2 class=\"elementor-heading-title elementor-size-default\">M\u1ee5c 3 Doanh nghi\u1ec7p<\/h2>\t\t\t\t<\/div>\n\t\t\t\t<\/div>\n\t\t\t\t<div class=\"elementor-element elementor-element-060e84f elementor-widget__width-initial elementor-widget elementor-widget-text-editor\" data-id=\"060e84f\" data-element_type=\"widget\" data-e-type=\"widget\" data-widget_type=\"text-editor.default\">\n\t\t\t\t<div class=\"elementor-widget-container\">\n\t\t\t\t\t\t\t\t\t<ul><li>51 ph\u1ea7n tr\u0103m ho\u1eb7c nhi\u1ec1u h\u01a1n c\u00e1c doanh nghi\u1ec7p thu\u1ed9c s\u1edf h\u1eefu c\u1ee7a C\u01b0 d\u00e2n M\u1ee5c 3 <strong>HO\u1eb6C<\/strong><\/li><li>\u00cdt nh\u1ea5t 30 ph\u1ea7n tr\u0103m nh\u00e2n vi\u00ean to\u00e0n th\u1eddi gian l\u00e0 C\u01b0 d\u00e2n M\u1ee5c 3 <strong>HO\u1eb6C<\/strong><\/li><li>Cam k\u1ebft giao th\u1ea7u ph\u1ee5 cho c\u00e1c m\u1ed1i quan t\u00e2m kinh doanh c\u1ee7a M\u1ee5c 3<\/li><\/ul>\t\t\t\t\t\t\t\t<\/div>\n\t\t\t\t<\/div>\n\t\t\t\t\t<\/div>\n\t\t<\/div>\n\t\t\t\t\t<\/div>\n\t\t<\/section>\n\t\t\t\t\t<\/div>\n\t\t<\/div>\n\t\t\t\t\t<\/div>\n\t\t<\/section>\n\t\t\t\t<section class=\"elementor-section elementor-top-section elementor-element elementor-element-055dbb2 elementor-section-full_width elementor-section-height-default elementor-section-height-default\" data-id=\"055dbb2\" data-element_type=\"section\" data-e-type=\"section\">\n\t\t\t\t\t\t<div class=\"elementor-container elementor-column-gap-default\">\n\t\t\t\t\t<div class=\"elementor-column elementor-col-100 elementor-top-column elementor-element elementor-element-e5f44a6\" data-id=\"e5f44a6\" data-element_type=\"column\" data-e-type=\"column\">\n\t\t\t<div class=\"elementor-widget-wrap elementor-element-populated\">\n\t\t\t\t\t\t<div class=\"elementor-element elementor-element-2b7c72d elementor-widget elementor-widget-text-editor\" data-id=\"2b7c72d\" data-element_type=\"widget\" data-e-type=\"widget\" data-widget_type=\"text-editor.default\">\n\t\t\t\t<div class=\"elementor-widget-container\">\n\t\t\t\t\t\t\t\t\t<p>B\u1ea1n c\u00f3 th\u1ec3 \u0111\u1ee7 \u0111i\u1ec1u ki\u1ec7n tham gia Ch\u01b0\u01a1ng tr\u00ecnh C\u01a1 h\u1ed9i Kinh t\u1ebf M\u1ee5c 3 c\u1ee7a CRHA<\/p>\t\t\t\t\t\t\t\t<\/div>\n\t\t\t\t<\/div>\n\t\t\t\t\t<\/div>\n\t\t<\/div>\n\t\t\t\t\t<\/div>\n\t\t<\/section>\n\t\t\t\t<section class=\"elementor-section elementor-top-section elementor-element elementor-element-bc92204 elementor-section-boxed elementor-section-height-default elementor-section-height-default\" data-id=\"bc92204\" data-element_type=\"section\" data-e-type=\"section\">\n\t\t\t\t\t\t<div class=\"elementor-container elementor-column-gap-default\">\n\t\t\t\t\t<div class=\"elementor-column elementor-col-100 elementor-top-column elementor-element elementor-element-2db0372\" data-id=\"2db0372\" data-element_type=\"column\" data-e-type=\"column\">\n\t\t\t<div class=\"elementor-widget-wrap elementor-element-populated\">\n\t\t\t\t\t\t<div class=\"elementor-element elementor-element-1cd2107 elementor-align-center elementor-widget elementor-widget-button\" data-id=\"1cd2107\" data-element_type=\"widget\" data-e-type=\"widget\" data-widget_type=\"button.default\">\n\t\t\t\t<div class=\"elementor-widget-container\">\n\t\t\t\t\t\t\t\t\t<div class=\"elementor-button-wrapper\">\n\t\t\t\t\t<a class=\"elementor-button elementor-button-link elementor-size-lg\" href=\"https:\/\/hudapps.hud.gov\/OpportunityPortal\/\">\n\t\t\t\t\t\t<span class=\"elementor-button-content-wrapper\">\n\t\t\t\t\t\t<span class=\"elementor-button-icon\">\n\t\t\t\t<i aria-hidden=\"true\" class=\"far fa-arrow-alt-circle-right\"><\/i>\t\t\t<\/span>\n\t\t\t\t\t\t\t\t\t<span class=\"elementor-button-text\">C\u1ed5ng th\u00f4ng tin c\u01a1 h\u1ed9i c\u1ee7a HUD M\u1ee5c 3<\/span>\n\t\t\t\t\t<\/span>\n\t\t\t\t\t<\/a>\n\t\t\t\t<\/div>\n\t\t\t\t\t\t\t\t<\/div>\n\t\t\t\t<\/div>\n\t\t\t\t\t<\/div>\n\t\t<\/div>\n\t\t\t\t\t<\/div>\n\t\t<\/section>\n\t\t\t\t<section class=\"elementor-section elementor-top-section elementor-element elementor-element-040c4c1 elementor-section-boxed elementor-section-height-default elementor-section-height-default\" data-id=\"040c4c1\" data-element_type=\"section\" data-e-type=\"section\">\n\t\t\t\t\t\t<div class=\"elementor-container elementor-column-gap-default\">\n\t\t\t\t\t<div class=\"elementor-column elementor-col-100 elementor-top-column elementor-element elementor-element-b4cb4ee\" data-id=\"b4cb4ee\" data-element_type=\"column\" data-e-type=\"column\">\n\t\t\t<div class=\"elementor-widget-wrap elementor-element-populated\">\n\t\t\t\t\t\t<div class=\"elementor-element elementor-element-9f11d4a elementor-widget elementor-widget-heading\" data-id=\"9f11d4a\" data-element_type=\"widget\" data-e-type=\"widget\" data-widget_type=\"heading.default\">\n\t\t\t\t<div class=\"elementor-widget-container\">\n\t\t\t\t\t<h2 class=\"elementor-heading-title elementor-size-default\">C\u01a1 h\u1ed9i ch\u01b0\u01a1ng tr\u00ecnh<\/h2>\t\t\t\t<\/div>\n\t\t\t\t<\/div>\n\t\t\t\t<section class=\"elementor-section elementor-inner-section elementor-element elementor-element-fdb6a0b elementor-section-boxed elementor-section-height-default elementor-section-height-default\" data-id=\"fdb6a0b\" data-element_type=\"section\" data-e-type=\"section\" data-settings=\"{&quot;background_background&quot;:&quot;classic&quot;}\">\n\t\t\t\t\t\t<div class=\"elementor-container elementor-column-gap-default\">\n\t\t\t\t\t<div class=\"elementor-column elementor-col-50 elementor-inner-column elementor-element elementor-element-e26e10d\" data-id=\"e26e10d\" data-element_type=\"column\" data-e-type=\"column\">\n\t\t\t<div class=\"elementor-widget-wrap elementor-element-populated\">\n\t\t\t\t\t\t<div class=\"elementor-element elementor-element-1e606df elementor-widget elementor-widget-heading\" data-id=\"1e606df\" data-element_type=\"widget\" data-e-type=\"widget\" data-widget_type=\"heading.default\">\n\t\t\t\t<div class=\"elementor-widget-container\">\n\t\t\t\t\t<h2 class=\"elementor-heading-title elementor-size-default\">\u0110\u00e0o t\u1ea1o ngh\u1ec1 cho c\u00e1c c\u00f4ng vi\u1ec7c nh\u01b0...<\/h2>\t\t\t\t<\/div>\n\t\t\t\t<\/div>\n\t\t\t\t<div class=\"elementor-element elementor-element-03dc155 elementor-widget elementor-widget-text-editor\" data-id=\"03dc155\" data-element_type=\"widget\" data-e-type=\"widget\" data-widget_type=\"text-editor.default\">\n\t\t\t\t<div class=\"elementor-widget-container\">\n\t\t\t\t\t\t\t\t\t<ul>\n \t<li>C\u00f4ng vi\u1ec7c \u0111i\u1ec7n<\/li>\n\n \t<li>K\u1ef9 thu\u1eadt vi\u00ean n\u0103ng l\u01b0\u1ee3ng m\u1eb7t tr\u1eddi<\/li>\n\n \t<li>H\u1ec7 th\u1ed1ng \u1ed1ng n\u01b0\u1edbc<\/li>\n \t<li>K\u1ef9 thu\u1eadt vi\u00ean b\u1ea3o tr\u00ec<\/li>\n \t<li>S\u1eeda ch\u1eefa HVAC<\/li>\n<\/ul>\t\t\t\t\t\t\t\t<\/div>\n\t\t\t\t<\/div>\n\t\t\t\t\t<\/div>\n\t\t<\/div>\n\t\t\t\t<div class=\"elementor-column elementor-col-50 elementor-inner-column elementor-element elementor-element-c74594a\" data-id=\"c74594a\" data-element_type=\"column\" data-e-type=\"column\" data-settings=\"{&quot;background_background&quot;:&quot;classic&quot;}\">\n\t\t\t<div class=\"elementor-widget-wrap elementor-element-populated\">\n\t\t\t\t\t<div class=\"elementor-background-overlay\"><\/div>\n\t\t\t\t\t\t<div class=\"elementor-element elementor-element-b591b26 elementor-widget elementor-widget-heading\" data-id=\"b591b26\" data-element_type=\"widget\" data-e-type=\"widget\" data-widget_type=\"heading.default\">\n\t\t\t\t<div class=\"elementor-widget-container\">\n\t\t\t\t\t<h2 class=\"elementor-heading-title elementor-size-default\">C\u00e1c c\u01a1 h\u1ed9i vi\u1ec7c l\u00e0m nh\u01b0...<\/h2>\t\t\t\t<\/div>\n\t\t\t\t<\/div>\n\t\t\t\t<div class=\"elementor-element elementor-element-dd361a6 elementor-widget elementor-widget-text-editor\" data-id=\"dd361a6\" data-element_type=\"widget\" data-e-type=\"widget\" data-widget_type=\"text-editor.default\">\n\t\t\t\t<div class=\"elementor-widget-container\">\n\t\t\t\t\t\t\t\t\t<ul><li>X\u00e2y d\u1ef1ng t\u1ea1i CRHA Active Construction Sites<ul><li>H\u1ec7 th\u1ed1ng HVAC<\/li><li>H\u1ec7 th\u1ed1ng \u1ed1ng n\u01b0\u1edbc<\/li><li>Ch\u1ea5t t\u1ea9y r\u1eeda x\u00e2y d\u1ef1ng<\/li><\/ul><\/li><\/ul>\t\t\t\t\t\t\t\t<\/div>\n\t\t\t\t<\/div>\n\t\t\t\t\t<\/div>\n\t\t<\/div>\n\t\t\t\t\t<\/div>\n\t\t<\/section>\n\t\t\t\t<section class=\"elementor-section elementor-inner-section elementor-element elementor-element-cb2c935 elementor-section-boxed elementor-section-height-default elementor-section-height-default\" data-id=\"cb2c935\" data-element_type=\"section\" data-e-type=\"section\" data-settings=\"{&quot;background_background&quot;:&quot;classic&quot;}\">\n\t\t\t\t\t\t<div class=\"elementor-container elementor-column-gap-default\">\n\t\t\t\t\t<div class=\"elementor-column elementor-col-50 elementor-inner-column elementor-element elementor-element-5d715f4\" data-id=\"5d715f4\" data-element_type=\"column\" data-e-type=\"column\">\n\t\t\t<div class=\"elementor-widget-wrap elementor-element-populated\">\n\t\t\t\t\t\t<div class=\"elementor-element elementor-element-57e8ff8 elementor-widget elementor-widget-heading\" data-id=\"57e8ff8\" data-element_type=\"widget\" data-e-type=\"widget\" data-widget_type=\"heading.default\">\n\t\t\t\t<div class=\"elementor-widget-container\">\n\t\t\t\t\t<h2 class=\"elementor-heading-title elementor-size-default\">T\u00e0i nguy\u00ean chu\u1ea9n b\u1ecb l\u00e0m vi\u1ec7c<\/h2>\t\t\t\t<\/div>\n\t\t\t\t<\/div>\n\t\t\t\t<div class=\"elementor-element elementor-element-1837d62 elementor-widget elementor-widget-text-editor\" data-id=\"1837d62\" data-element_type=\"widget\" data-e-type=\"widget\" data-widget_type=\"text-editor.default\">\n\t\t\t\t<div class=\"elementor-widget-container\">\n\t\t\t\t\t\t\t\t\t<ul><li>K\u00ednh m\u1eaft<\/li><li>X\u00e2y d\u1ef1ng s\u01a1 y\u1ebfu l\u00fd l\u1ecbch<\/li><li>S\u1eeda ch\u1eefa \u00f4 t\u00f4<\/li><li>Qu\u1ea7n \u00e1o<\/li><li>Tr\u1ee3 gi\u00fap ng\u00f4n ng\u1eef<\/li><\/ul>\t\t\t\t\t\t\t\t<\/div>\n\t\t\t\t<\/div>\n\t\t\t\t\t<\/div>\n\t\t<\/div>\n\t\t\t\t<div class=\"elementor-column elementor-col-50 elementor-inner-column elementor-element elementor-element-7782ec7\" data-id=\"7782ec7\" data-element_type=\"column\" data-e-type=\"column\" data-settings=\"{&quot;background_background&quot;:&quot;classic&quot;}\">\n\t\t\t<div class=\"elementor-widget-wrap elementor-element-populated\">\n\t\t\t\t\t<div class=\"elementor-background-overlay\"><\/div>\n\t\t\t\t\t\t<div class=\"elementor-element elementor-element-f311e53 elementor-widget elementor-widget-heading\" data-id=\"f311e53\" data-element_type=\"widget\" data-e-type=\"widget\" data-widget_type=\"heading.default\">\n\t\t\t\t<div class=\"elementor-widget-container\">\n\t\t\t\t\t<h2 class=\"elementor-heading-title elementor-size-default\">T\u01b0 v\u1ea5n t\u00e0i ch\u00ednh<\/h2>\t\t\t\t<\/div>\n\t\t\t\t<\/div>\n\t\t\t\t<div class=\"elementor-element elementor-element-9157b22 elementor-widget elementor-widget-text-editor\" data-id=\"9157b22\" data-element_type=\"widget\" data-e-type=\"widget\" data-widget_type=\"text-editor.default\">\n\t\t\t\t<div class=\"elementor-widget-container\">\n\t\t\t\t\t\t\t\t\t<ul><li>Gi\u00e1o d\u1ee5c t\u00e0i ch\u00ednh t\u1eeb c\u00e1c ng\u00e2n h\u00e0ng \u0111\u1ed1i t\u00e1c<\/li><\/ul>\t\t\t\t\t\t\t\t<\/div>\n\t\t\t\t<\/div>\n\t\t\t\t\t<\/div>\n\t\t<\/div>\n\t\t\t\t\t<\/div>\n\t\t<\/section>\n\t\t\t\t\t<\/div>\n\t\t<\/div>\n\t\t\t\t\t<\/div>\n\t\t<\/section>\n\t\t\t\t<section class=\"elementor-section elementor-top-section elementor-element elementor-element-fa03c42 elementor-section-boxed elementor-section-height-default elementor-section-height-default\" data-id=\"fa03c42\" data-element_type=\"section\" data-e-type=\"section\">\n\t\t\t\t\t\t<div class=\"elementor-container elementor-column-gap-default\">\n\t\t\t\t\t<div class=\"elementor-column elementor-col-100 elementor-top-column elementor-element elementor-element-941049b\" data-id=\"941049b\" data-element_type=\"column\" data-e-type=\"column\">\n\t\t\t<div class=\"elementor-widget-wrap elementor-element-populated\">\n\t\t\t\t\t\t<div class=\"elementor-element elementor-element-d169db7 elementor-widget elementor-widget-text-editor\" data-id=\"d169db7\" data-element_type=\"widget\" data-e-type=\"widget\" data-widget_type=\"text-editor.default\">\n\t\t\t\t<div class=\"elementor-widget-container\">\n\t\t\t\t\t\t\t\t\t<p><strong>B\u1ea1n c\u00f3 th\u1eafc m\u1eafc ho\u1eb7c quan t\u00e2m \u0111\u1ebfn Ph\u1ea7n 3 kh\u00f4ng?<\/strong><\/p><p>Li\u00ean h\u1ec7 v\u1edbi Ph\u00f2ng 3 c\u1ee7a CRHA t\u1ea1i <a href=\"tel:14344229274\">434-422-9274<\/a><\/p>\t\t\t\t\t\t\t\t<\/div>\n\t\t\t\t<\/div>\n\t\t\t\t\t<\/div>\n\t\t<\/div>\n\t\t\t\t\t<\/div>\n\t\t<\/section>\n\t\t\t\t<\/div>","protected":false},"excerpt":{"rendered":"<p>Economic Opportunity Program CRHA&#8217;s Economic Opportunity Program is part of HUD&#8217;s Section 3 Program that helps residents of federally funded low-income communities improve their economic well-being through job training, employment, and contract opportunities. Section 3 residents Are you a CRHA Public Housing Resident?\u00a0OR Are you a holder of a Housing Choice Voucher like CSRAP or [&hellip;]<\/p>\n","protected":false},"author":28,"featured_media":0,"parent":0,"menu_order":0,"comment_status":"closed","ping_status":"closed","template":"elementor_header_footer","meta":{"postBodyCss":"","postBodyMargin":[],"postBodyPadding":[],"postBodyBackground":{"backgroundType":"classic","gradient":""},"footnotes":""},"class_list":["post-1985","page","type-page","status-publish","hentry"],"_links":{"self":[{"href":"https:\/\/cvillerha.com\/vi\/wp-json\/wp\/v2\/pages\/1985","targetHints":{"allow":["GET"]}}],"collection":[{"href":"https:\/\/cvillerha.com\/vi\/wp-json\/wp\/v2\/pages"}],"about":[{"href":"https:\/\/cvillerha.com\/vi\/wp-json\/wp\/v2\/types\/page"}],"author":[{"embeddable":true,"href":"https:\/\/cvillerha.com\/vi\/wp-json\/wp\/v2\/users\/28"}],"replies":[{"embeddable":true,"href":"https:\/\/cvillerha.com\/vi\/wp-json\/wp\/v2\/comments?post=1985"}],"version-history":[{"count":84,"href":"https:\/\/cvillerha.com\/vi\/wp-json\/wp\/v2\/pages\/1985\/revisions"}],"predecessor-version":[{"id":4136,"href":"https:\/\/cvillerha.com\/vi\/wp-json\/wp\/v2\/pages\/1985\/revisions\/4136"}],"wp:attachment":[{"href":"https:\/\/cvillerha.com\/vi\/wp-json\/wp\/v2\/media?parent=1985"}],"curies":[{"name":"wp","href":"https:\/\/api.w.org\/{rel}","templated":true}]}}