{"id":144,"date":"2017-12-04T02:44:51","date_gmt":"2017-12-04T02:44:51","guid":{"rendered":"https:\/\/cvillerha.com\/?page_id=144"},"modified":"2026-02-06T13:34:12","modified_gmt":"2026-02-06T18:34:12","slug":"key-documents","status":"publish","type":"page","link":"https:\/\/cvillerha.com\/vi\/key-documents\/","title":{"rendered":"T\u00e0i li\u1ec7u ch\u00ednh"},"content":{"rendered":"<h2>K\u1ebf ho\u1ea1ch h\u00e0ng n\u0103m<\/h2>\n<p><a href=\"https:\/\/cvillerha.com\/vi\/wp-content\/Key%20Documents\/ExecutedCRHA-FY-26-27-AP.pdf\/\">Executed_CRHA-FY-26-27-AP<\/a><\/p>\n<p><a href=\"https:\/\/cvillerha.com\/vi\/wp-content\/Key%20Documents\/CRHA-FY-26-27-AP-Draft-Amended-12.11.25.pdf\/\">CRHA-FY-26-27-AP-Draft-Amended-12.11.25\u00a0<\/a><\/p>\n<p><a href=\"https:\/\/cvillerha.com\/vi\/wp-content\/Key%20Documents\/CRHA-FY-26-27-AP-Draft-Amended-12.10.25.pdf\/\">CRHA FY-26-27-AP-Draft-Amended-12.10.25<\/a><\/p>\n<p><a href=\"https:\/\/cvillerha.com\/wp-content\/uploads\/2025\/10\/CRHA-FY-26-27-AP-Draft-Posted-10.24.25.pdf\">CRHA FY 2026 \u2013 2027 D\u1ef1 th\u1ea3o AP<\/a><\/p>\n<p><a href=\"https:\/\/cvillerha.com\/wp-content\/uploads\/2025\/10\/1.-FSS-Plan-attachement.pdf\">K\u1ebf ho\u1ea1ch h\u00e0nh \u0111\u1ed9ng CRHA FSS ng\u00e0y 24 th\u00e1ng 10 n\u0103m 2025<\/a><\/p>\n<p><a href=\"https:\/\/cvillerha.com\/wp-content\/uploads\/2025\/01\/12.12.24-Executed-Copy-FY25-26-AP.pdf\">12.12.24 B\u1ea3n sao \u0111\u00e3 th\u1ef1c hi\u1ec7n FY25-26 AP<\/a><\/p>\n<p><a href=\"https:\/\/cvillerha.com\/wp-content\/uploads\/2024\/11\/11.22.24-Ammended-DRAFT-CRHA-FY25-26-AP2.pdf\">22.11.24 D\u1ef0 TH\u1ea2O CRHA s\u1eeda \u0111\u1ed5i FY25-26 AP2<\/a><\/p>\n<p><a href=\"https:\/\/cvillerha.com\/wp-content\/uploads\/2024\/11\/DRAFT-CRHA-FY25-26-AP-Arabic.pdf\">B\u1ea2N D\u1ef0 TH\u1ea2O CRHA FY25-26 AP (ti\u1ebfng \u1ea2 R\u1eadp)<\/a><\/p>\n<p><a href=\"https:\/\/cvillerha.com\/wp-content\/uploads\/2024\/10\/DRAFT-CRHA-FY25-26-AP.pdf\">D\u1ef0 TH\u1ea2O CRHA FY25-26 AP<\/a><\/p>\n<p><a href=\"https:\/\/cvillerha.com\/wp-content\/uploads\/2023\/08\/Executed-CRHA-FY24-29-AP-and-5YR-Plans.pdf\">\u0110\u00e3 th\u1ef1c hi\u1ec7n c\u00e1c k\u1ebf ho\u1ea1ch CRHA FY24-29 AP v\u00e0 5YR<\/a><\/p>\n<p><a href=\"https:\/\/cvillerha.com\/wp-content\/uploads\/2023\/08\/Amended-PlanPosting-12.18.23-FY-24-29-Draft-Posted-10.30.23-copy.pdf\">\u0110\u00e3 s\u1eeda \u0111\u1ed5i-\u0110\u0103ng-12.18.23-FY-24-29 -\u0110\u0103ng-10.30.23 B\u1ea3n th\u1ea3o<\/a><\/p>\n<p><a href=\"https:\/\/cvillerha.com\/wp-content\/uploads\/2023\/08\/Amended-Posting-11.1.23-FY-24-29-Draft-Posted-10.30.23.pdf\">B\u1ea3n s\u1eeda \u0111\u1ed5i \u0111\u0103ng ng\u00e0y 11.1.23 D\u1ef1 th\u1ea3o n\u0103m t\u00e0i ch\u00ednh 24-29<\/a><\/p>\n<p><a href=\"https:\/\/cvillerha.com\/wp-content\/uploads\/2023\/10\/Final-FY-24-29-Draft-Posted-10.30.23.pdf\">B\u1ea3n th\u1ea3o cu\u1ed1i c\u00f9ng c\u1ee7a n\u0103m t\u00e0i ch\u00ednh 24-29 \u0111\u01b0\u1ee3c \u0111\u0103ng v\u00e0o ng\u00e0y 30\/10\/23<\/a><\/p>\n<p><a href=\"https:\/\/cvillerha.com\/wp-content\/uploads\/2023\/07\/CRHA-DRAFT-AP-5YR-Calendar-1.pdf\">L\u1ecbch tr\u00ecnh chung c\u1ee7a K\u1ebf ho\u1ea1ch chung 5 n\u0103m FY24-25\/FY24-29: B\u1ea3n th\u1ea3o<\/a><\/p>\n<p><a href=\"https:\/\/cvillerha.com\/wp-content\/uploads\/2023\/07\/CRHA-5-Year-Capital-Fund-Action-Plan-Board-Presentation-Public-Hearing-3.27.23.pdf\">B\u00e0i tr\u00ecnh b\u00e0y v\u1ec1 K\u1ebf ho\u1ea1ch h\u00e0nh \u0111\u1ed9ng Qu\u1ef9 v\u1ed1n 5 n\u0103m c\u1ee7a CRHA<\/a><\/p>\n<p><a href=\"https:\/\/d5m.c8f.myftpupload.com\/wp-content\/uploads\/2023\/02\/12.8.22_CRHA_FY_23-24_AP_Executed.pdf\" rel=\"noopener\">Th\u1ef1c hi\u1ec7n K\u1ebf ho\u1ea1ch n\u0103m 2023-24<\/a><\/p>\n<p><a href=\"https:\/\/d5m.c8f.myftpupload.com\/wp-content\/uploads\/2022\/10\/Posting_Draft_FY_2023-2024_Annual_Plan.pdf\">K\u1ebf ho\u1ea1ch n\u0103m 2023-2024: D\u1ef1 th\u1ea3o<\/a><\/p>\n<p><a href=\"https:\/\/d5m.c8f.myftpupload.com\/wp-content\/uploads\/2022\/01\/1.14.21-Executed-Final-FY-2022-2023-AP.pdf\">Th\u1ef1c hi\u1ec7n K\u1ebf ho\u1ea1ch n\u0103m 2022-2023<\/a><\/p>\n<p><a href=\"https:\/\/d5m.c8f.myftpupload.com\/wp-content\/uploads\/2021\/12\/Final-Draft-AP-Edited-12.28.21.pdf\">K\u1ebf ho\u1ea1ch n\u0103m 2022-2023: D\u1ef1 th\u1ea3o<\/a><\/p>\n<p><a href=\"https:\/\/cvillerha-my.sharepoint.com\/personal\/matthewsk_cvillerha_com\/_layouts\/15\/onedrive.aspx?id=%2Fpersonal%2Fmatthewsk%5Fcvillerha%5Fcom%2FDocuments%2FAnnual%20%26%205YR%20Plan%2F2021%2D2022%20AP%2FCRHA%202021%2D2022%20AP%20Executed%2FBIG%20PDF%2FCRHA%20FY%202021%202022%20AP%20Plan%20Executed%2Epdf&amp;parent=%2Fpersonal%2Fmatthewsk%5Fcvillerha%5Fcom%2FDocuments%2FAnnual%20%26%205YR%20Plan%2F2021%2D2022%20AP%2FCRHA%202021%2D2022%20AP%20Executed%2FBIG%20PDF&amp;ga=1\">K\u1ebf ho\u1ea1ch th\u01b0\u1eddng ni\u00ean 2021-2022<\/a><\/p>\n<p><a href=\"https:\/\/d5m.c8f.myftpupload.com\/wp-content\/uploads\/2020\/10\/Five-yr-executed.pdf\">K\u1ebf ho\u1ea1ch 5 n\u0103m 2019<\/a><\/p>\n<h2>T\u00e0i li\u1ec7u ch\u00ednh s\u00e1ch<\/h2>\n<p><a href=\"https:\/\/d5m.c8f.myftpupload.com\/wp-content\/uploads\/2021\/10\/Statement-of-Amendment-to-Admin-Plan.pdf\">M\u1ee5c 8- S\u1eeda \u0111\u1ed5i K\u1ebf ho\u1ea1ch qu\u1ea3n l\u00fd HCV<\/a><\/p>\n<p><a href=\"https:\/\/d5m.c8f.myftpupload.com\/wp-content\/uploads\/2022\/01\/EHV-ADMINISTRATIVE-PLAN-AMENDMENT-CRHA.pdf\">M\u1ee5c 8- S\u1eeda \u0111\u1ed5i K\u1ebf ho\u1ea1ch qu\u1ea3n l\u00fd EHV: D\u1ef1 th\u1ea3o<\/a><\/p>\n<p><a href=\"https:\/\/d5m.c8f.myftpupload.com\/wp-content\/uploads\/2021\/12\/Admissions-and-Continued-Occupancy-Policy-2.22.pdf\">Ch\u00ednh s\u00e1ch tuy\u1ec3n sinh v\u00e0 ti\u1ebfp t\u1ee5c c\u01b0 tr\u00fa<\/a><\/p>\n<p><a href=\"https:\/\/d5m.c8f.myftpupload.com\/wp-content\/uploads\/2022\/05\/CRHA-Section-3-Policy-approved-9.27.21.pdf\">M\u1ee5c 3- Ch\u00ednh s\u00e1ch CRHA cu\u1ed1i c\u00f9ng<\/a><\/p>\n<p><a href=\"https:\/\/d5m.c8f.myftpupload.com\/wp-content\/uploads\/2021\/01\/Charlottesville_Redevelopment_and_Housing_Authority_VSS_Policy_DRAFT.pdf\">Ch\u00ednh s\u00e1ch h\u1ec7 th\u1ed1ng gi\u00e1m s\u00e1t video<\/a><\/p>\n<p><a href=\"https:\/\/d5m.c8f.myftpupload.com\/wp-content\/uploads\/2020\/05\/Final-Draft-Procurement-Policy-Rev4.20-noc.pdf\">Ch\u00ednh s\u00e1ch mua s\u1eafm: D\u1ef1 th\u1ea3o<\/a><\/p>\n<h2>T\u00e0i li\u1ec7u Ng\u00e2n s\u00e1ch<\/h2>\n<p><a href=\"http:\/\/CRHA 2026-2030 DRAFT 5 Year Capital Fund Program (CFP) Plan\"><span data-olk-copy-source=\"MessageBody\">CRHA 2026-2030 DRAFT 5 Year Capital Fund Program (CFP) Plan<\/span><\/a><\/p>\n<p><a href=\"https:\/\/cvillerha.com\/vi\/wp-content\/Key%20Documents\/Notice%20Affidavit%202026%20CFP.pdf\/\"><img data-recalc-dims=\"1\" fetchpriority=\"high\" decoding=\"async\" class=\"alignnone\" src=\"https:\/\/i0.wp.com\/cvillerha.com\/wp-content\/Key%20Documents\/Screenshot%202026-02-06%20132811.png?resize=297%2C311&#038;ssl=1\" width=\"297\" height=\"311\" \/><\/a><\/p>\n<p><a href=\"https:\/\/cvillerha.com\/wp-content\/uploads\/2025\/02\/2025-2029-CFP-5YAP-DRAFT-FINAL-w-charts-2025.02.04-1.pdf\">2025-2029 CFP 5YAP DRAFT FINAL w bi\u1ec3u \u0111\u1ed3 2025.02.04 (1)<\/a><\/p>\n<p><img data-recalc-dims=\"1\" decoding=\"async\" class=\"alignnone size-medium wp-image-4550\" src=\"https:\/\/i0.wp.com\/cvillerha.com\/wp-content\/uploads\/2025\/02\/CRHA-2025-2029-5-Year-Capitol-Fund-Program-CFP-Plan-Public-Hearing.png?resize=300%2C264&#038;ssl=1\" alt=\"\" width=\"300\" height=\"264\" srcset=\"https:\/\/i0.wp.com\/cvillerha.com\/wp-content\/uploads\/2025\/02\/CRHA-2025-2029-5-Year-Capitol-Fund-Program-CFP-Plan-Public-Hearing.png?resize=300%2C264&amp;ssl=1 300w, https:\/\/i0.wp.com\/cvillerha.com\/wp-content\/uploads\/2025\/02\/CRHA-2025-2029-5-Year-Capitol-Fund-Program-CFP-Plan-Public-Hearing.png?resize=14%2C12&amp;ssl=1 14w, https:\/\/i0.wp.com\/cvillerha.com\/wp-content\/uploads\/2025\/02\/CRHA-2025-2029-5-Year-Capitol-Fund-Program-CFP-Plan-Public-Hearing.png?w=371&amp;ssl=1 371w\" sizes=\"(max-width: 300px) 100vw, 300px\" \/><\/p>\n<p><a href=\"https:\/\/cvillerha.com\/wp-content\/uploads\/2023\/08\/CRHA-2024-2028-5-Year-CFP-Proposed.pdf\" rel=\"noopener\">K\u1ebf ho\u1ea1ch Ch\u01b0\u01a1ng tr\u00ecnh Qu\u1ef9 v\u1ed1n 5 n\u0103m (CFP) CRHA 2024-2028<\/a><\/p>\n<p><a href=\"https:\/\/d5m.c8f.myftpupload.com\/wp-content\/uploads\/2020\/05\/CRHA-CFP-2020-2024.pdf\">K\u1ebf ho\u1ea1ch Qu\u1ef9 v\u1ed1n FY20-24<\/a><\/p>\n<p><a href=\"https:\/\/d5m.c8f.myftpupload.com\/wp-content\/uploads\/2021\/01\/DRAFT-CFP-5-Year-Plan-1.pdf\">K\u1ebf ho\u1ea1ch Qu\u1ef9 v\u1ed1n FY22-26: B\u1ea3n th\u1ea3o<\/a><\/p>\n<p><a href=\"https:\/\/d5m.c8f.myftpupload.com\/wp-content\/uploads\/2021\/01\/DRAFT-CFP-5-Year-Plan-1.pdf\">K\u1ebf ho\u1ea1ch Qu\u1ef9 v\u1ed1n FY21-25: B\u1ea3n th\u1ea3o<\/a><\/p>\n<p><a href=\"https:\/\/d5m.c8f.myftpupload.com\/wp-content\/uploads\/2020\/05\/CRHA-FY2021-Operating-Budget.pdf\">Ng\u00e2n s\u00e1ch ho\u1ea1t \u0111\u1ed9ng n\u0103m t\u00e0i ch\u00ednh 2021<\/a><\/p>\n<h2>Ch\u00ednh s\u00e1ch c\u01b0 tr\u00fa<\/h2>\n<p>Ch\u00ednh s\u00e1ch \u0111\u1ed7 xe s\u1eafp t\u1edbi<\/p>\n<p><a href=\"https:\/\/d5m.c8f.myftpupload.com\/wp-content\/uploads\/2020\/09\/Barment-Policy-.pdf\">Ch\u00ednh s\u00e1ch Barment<\/a><\/p>\n<p><a href=\"https:\/\/d5m.c8f.myftpupload.com\/wp-content\/uploads\/2020\/09\/No-Smoking-Policy.pdf\">Ch\u00ednh s\u00e1ch kh\u00f4ng h\u00fat thu\u1ed1c<\/a><\/p>\n<h2>T\u00e0i li\u1ec7u HCV<\/h2>\n<p><a href=\"https:\/\/cvillerha.com\/wp-content\/uploads\/2023\/08\/Admin-Plan-2020.pdf\">K\u1ebf ho\u1ea1ch qu\u1ea3n l\u00fd HCV 2020<\/a><\/p>\n<p><a href=\"https:\/\/cvillerha.com\/wp-content\/uploads\/2023\/08\/CRHA-PAYMENT-STANDARD-2023-OCTOBER1.pdf\">Ti\u00eau chu\u1ea9n thanh to\u00e1n CRHA 2023-1 th\u00e1ng 10<\/a><\/p>\n<p><a href=\"https:\/\/cvillerha.com\/wp-content\/uploads\/2023\/07\/CRHA-Current-HCV-List-3.20.2023.pdf\">3.20.2023 Th\u1ed1ng k\u00ea HCV<\/a><\/p>\n<p><a href=\"https:\/\/cvillerha.com\/wp-content\/uploads\/2023\/07\/CRHA-Current-HCV-List-2.20.2023-1.pdf\">2.20.2023 Th\u1ed1ng k\u00ea HCV\u00a0<\/a><\/p>\n<p><a href=\"https:\/\/d5m.c8f.myftpupload.com\/wp-content\/uploads\/2023\/02\/Res_1442_Payment_Standard_NOTICE.pdf\">Ngh\u1ecb quy\u1ebft v\u1ec1 Ti\u00eau chu\u1ea9n thanh to\u00e1n n\u0103m t\u00e0i ch\u00ednh 2023<\/a><\/p>\n<h2>Ch\u01b0\u01a1ng tr\u00ecnh t\u1ef1 cung t\u1ef1 c\u1ea5p cho gia \u0111\u00ecnh<\/h2>\n<p><a href=\"https:\/\/cvillerha.com\/wp-content\/uploads\/2023\/08\/FSS-Action-Plan-Executd-9.5.2023.pdf\">K\u1ebf ho\u1ea1ch h\u00e0nh \u0111\u1ed9ng FSS \u0111\u01b0\u1ee3c th\u1ef1c hi\u1ec7n v\u00e0o ng\u00e0y 9.5.2023<\/a><\/p>\n<p><a href=\"https:\/\/cvillerha.com\/wp-content\/uploads\/2023\/08\/Draft-Amended-CRHA-FSS-Action-Plan-June-2023.pdf\">K\u1ebf ho\u1ea1ch h\u00e0nh \u0111\u1ed9ng FSS s\u1eeda \u0111\u1ed5i th\u00e1ng 6 n\u0103m 2023 (D\u1ef0 TH\u1ea2O)<\/a><\/p>\n<p><a href=\"https:\/\/cvillerha.com\/wp-content\/uploads\/2023\/08\/Posting-memo-8.8.pdf\">B\u1ea3n ghi nh\u1edb 8\/8<\/a><\/p>\n<p><a href=\"https:\/\/d5m.c8f.myftpupload.com\/wp-content\/uploads\/2023\/02\/Executed_CRHA_FSS_Action_Plan_11.28.22.pdf\">K\u1ebf ho\u1ea1ch h\u00e0nh \u0111\u1ed9ng FSS<\/a><\/p>\n<p><a href=\"https:\/\/d5m.c8f.myftpupload.com\/wp-content\/uploads\/2022\/10\/CHRA-Posting-memo-10.3.22.pdf\">K\u1ebf ho\u1ea1ch h\u00e0nh \u0111\u1ed9ng FSS: D\u1ef1 th\u1ea3o<\/a><\/p>\n<h2>Quan h\u1ec7 \u0111\u1ed1i t\u00e1c c\u1ed9ng \u0111\u1ed3ng<\/h2>\n<p><a href=\"https:\/\/d5m.c8f.myftpupload.com\/wp-content\/uploads\/2023\/06\/Draft-Letter-CRHA-and-CPD-letter-draft-June-1-1.pdf\">Th\u01b0 h\u1ee3p t\u00e1c CPD v\u00e0 CRHA<\/a><\/p>\n<h2>T\u00e0i li\u1ec7u t\u00e1i ph\u00e1t tri\u1ec3n<\/h2>\n<p><a href=\"https:\/\/d5m.c8f.myftpupload.com\/wp-content\/uploads\/2022\/02\/Res-1437-Midway-Manor-Bond-Financing-Resolution.pdf\">T\u00e0i ch\u00ednh Midway Manor<\/a><\/p>\n<p><a href=\"https:\/\/d5m.c8f.myftpupload.com\/wp-content\/uploads\/2021\/12\/12.21-CRHA-relocation-plan-.pdf\">K\u1ebf ho\u1ea1ch di d\u1eddi \u0111\u01b0\u1eddng South First<\/a><\/p>\n<p><a href=\"https:\/\/d5m.c8f.myftpupload.com\/wp-content\/uploads\/2020\/03\/Revised-AHG-CRHA-CCDC-PHAR-MOU-SIGNED.pdf\">Bi\u00ean b\u1ea3n ghi nh\u1edb gi\u1eefa c\u00e1c \u0111\u1ed1i t\u00e1c t\u00e1i ph\u00e1t tri\u1ec3n<\/a><\/p>\n<p><a href=\"https:\/\/d5m.c8f.myftpupload.com\/wp-content\/uploads\/2020\/03\/CRHA-Principles-for-Relocation-FINAL.docx\">Nguy\u00ean t\u1eafc CRHA v\u1ec1 di d\u1eddi<\/a><\/p>\n<p><a href=\"https:\/\/d5m.c8f.myftpupload.com\/wp-content\/uploads\/2020\/05\/CRHA-Redevelopment-Overview-Presentation-to-Governors-Housing-Conference-11-21-19.pdf\">B\u00e0i tr\u00ecnh b\u00e0y t\u1ed5ng quan v\u1ec1 t\u00e1i ph\u00e1t tri\u1ec3n<\/a><\/p>\n<h2>Ngh\u1ecb quy\u1ebft c\u1ee7a H\u1ed9i \u0111\u1ed3ng qu\u1ea3n tr\u1ecb CRHA<\/h2>\n<p><a href=\"https:\/\/cvillerha.com\/wp-content\/uploads\/2023\/07\/Resolution-1453-2023-2027-CFP-.pdf\">Ngh\u1ecb quy\u1ebft 1453: Cho ph\u00e9p n\u1ed9p CFP HUD FY23-27<\/a><\/p>\n<p><a href=\"https:\/\/cvillerha.com\/wp-content\/uploads\/2023\/07\/Resolution-1454-Annual-Budget.pdf\">Ngh\u1ecb quy\u1ebft 1454: Cho ph\u00e9p ph\u00ea duy\u1ec7t ng\u00e2n s\u00e1ch h\u00e0ng n\u0103m<\/a><\/p>\n<p><a href=\"https:\/\/cvillerha.com\/wp-content\/uploads\/2023\/07\/Res.-1452-Authorizing-the-Acquisition-of-Dogwood-.pdf\">Ngh\u1ecb quy\u1ebft 1452: Cho ph\u00e9p mua l\u1ea1i b\u1ea5t \u0111\u1ed9ng s\u1ea3n Dogwood<\/a><\/p>\n<p><a href=\"https:\/\/cvillerha.com\/wp-content\/uploads\/2023\/07\/Res.-1451-Authorizing-Conveyance-1.pdf\">Ngh\u1ecb quy\u1ebft 1451: Cho ph\u00e9p chuy\u1ec3n nh\u01b0\u1ee3ng<\/a><\/p>\n<p><a href=\"https:\/\/cvillerha.com\/wp-content\/uploads\/2023\/07\/Res.-1450-Authorizing-Executive-Director-Contract.pdf\">Ngh\u1ecb quy\u1ebft 1450: \u1ee6y quy\u1ec1n cho Gi\u00e1m \u0111\u1ed1c \u0111i\u1ec1u h\u00e0nh H\u1ee3p \u0111\u1ed3ng<\/a><\/p>\n<h2>B\u00e1o c\u00e1o<\/h2>\n<p><a href=\"https:\/\/cvillerha.com\/wp-content\/uploads\/2023\/07\/Board-report-0518.pdf\">5.18.2023 B\u00e1o c\u00e1o c\u1ee7a H\u1ed9i \u0111\u1ed3ng CRHA<\/a><\/p>\n<p><a href=\"https:\/\/cvillerha.com\/wp-content\/uploads\/2023\/07\/5.22.23-DED-Updates-for-BOC.pdf\">5.22.23 B\u00e1o c\u00e1o c\u1ee7a Ph\u00f3 T\u1ed5ng gi\u00e1m \u0111\u1ed1c \u0111i\u1ec1u h\u00e0nh<\/a><\/p>\n<p><a href=\"https:\/\/cvillerha.com\/wp-content\/uploads\/2023\/07\/2.27.23-BOC-RS-Presentation-.pdf\">2.27.23 B\u00e0i thuy\u1ebft tr\u00ecnh BOC RS<\/a><\/p>\n<h2>L\u01b0u tr\u1eef cu\u1ed9c h\u1ecdp c\u1ee7a Ban qu\u1ea3n tr\u1ecb &amp; \u1ee6y ban CRHA<\/h2>\n<p><a href=\"https:\/\/cvillerha.com\/vi\/wp-content\/Board%20Materials\/May%202025%20BOC%20files.pdf\/\">May 2025 BOC Materials<\/a><\/p>\n<p><a href=\"https:\/\/cvillerha.com\/vi\/wp-content\/Board%20Materials\/June%202025%20BOC%20Materials.pdf\/\">June 2025 BOC Materials<\/a><\/p>\n<p><a href=\"https:\/\/cvillerha.com\/vi\/wp-content\/Board%20Materials\/July%202025%20BOC%20Maeterials.pdf\/\">July 2025 BOC Materials<\/a><\/p>\n<p><a href=\"https:\/\/cvillerha.com\/vi\/wp-content\/Board%20Materials\/Aug%202025%20BOC%20Materials.pdf\/\">August 2025 BOC Materials<\/a><\/p>\n<p><a href=\"https:\/\/cvillerha.com\/vi\/wp-content\/Board%20Materials\/September%202025%20BOC%20Materials.pdf\/\">Septemeber 2025 BOC Materials<\/a><\/p>\n<p><a href=\"https:\/\/cvillerha.com\/vi\/wp-content\/Board%20Materials\/November%202025%20BOC%20materials.pdf\/\">November 2025 BOC Materials<\/a><\/p>\n<p>&nbsp;<\/p>","protected":false},"excerpt":{"rendered":"<p>Annual Plans Executed_CRHA-FY-26-27-AP CRHA-FY-26-27-AP-Draft-Amended-12.11.25\u00a0 CRHA FY-26-27-AP-Draft-Amended-12.10.25 CRHA FY 2026 &#8211; 2027 AP Draft CRHA FSS Action Plan 10.24.2025 12.12.24 Executed Copy FY25-26 AP 11.22.24 Ammended DRAFT CRHA FY25-26 AP2 DRAFT CRHA FY25-26 AP (Arabic) DRAFT CRHA FY25-26 AP Executed CRHA FY24-29 AP and 5YR Plans Amended-Posting-12.18.23-FY-24-29 -Posted-10.30.23 Draft Amended Posting 11.1.23 FY 24- 29 Draft [&hellip;]<\/p>\n","protected":false},"author":1,"featured_media":0,"parent":0,"menu_order":0,"comment_status":"closed","ping_status":"closed","template":"","meta":{"postBodyCss":"","postBodyMargin":[],"postBodyPadding":[],"postBodyBackground":{"backgroundType":"classic","gradient":""},"footnotes":""},"class_list":["post-144","page","type-page","status-publish","hentry"],"_links":{"self":[{"href":"https:\/\/cvillerha.com\/vi\/wp-json\/wp\/v2\/pages\/144","targetHints":{"allow":["GET"]}}],"collection":[{"href":"https:\/\/cvillerha.com\/vi\/wp-json\/wp\/v2\/pages"}],"about":[{"href":"https:\/\/cvillerha.com\/vi\/wp-json\/wp\/v2\/types\/page"}],"author":[{"embeddable":true,"href":"https:\/\/cvillerha.com\/vi\/wp-json\/wp\/v2\/users\/1"}],"replies":[{"embeddable":true,"href":"https:\/\/cvillerha.com\/vi\/wp-json\/wp\/v2\/comments?post=144"}],"version-history":[{"count":73,"href":"https:\/\/cvillerha.com\/vi\/wp-json\/wp\/v2\/pages\/144\/revisions"}],"predecessor-version":[{"id":4901,"href":"https:\/\/cvillerha.com\/vi\/wp-json\/wp\/v2\/pages\/144\/revisions\/4901"}],"wp:attachment":[{"href":"https:\/\/cvillerha.com\/vi\/wp-json\/wp\/v2\/media?parent=144"}],"curies":[{"name":"wp","href":"https:\/\/api.w.org\/{rel}","templated":true}]}}