{"id":140,"date":"2017-12-04T02:43:02","date_gmt":"2017-12-04T02:43:02","guid":{"rendered":"https:\/\/cvillerha.com\/?page_id=140"},"modified":"2025-12-18T14:24:26","modified_gmt":"2025-12-18T19:24:26","slug":"commissioners","status":"publish","type":"page","link":"https:\/\/cvillerha.com\/vi\/commissioners\/","title":{"rendered":"\u1ee6y vi\u00ean &amp; \u0110\u1ed9i ng\u0169 qu\u1ea3n l\u00fd"},"content":{"rendered":"<div data-elementor-type=\"wp-page\" data-elementor-id=\"140\" class=\"elementor elementor-140\" data-elementor-post-type=\"page\">\n\t\t\t\t\t\t<section class=\"elementor-section elementor-top-section elementor-element elementor-element-34d8101f elementor-section-boxed elementor-section-height-default elementor-section-height-default\" data-id=\"34d8101f\" data-element_type=\"section\" data-e-type=\"section\">\n\t\t\t\t\t\t<div class=\"elementor-container elementor-column-gap-default\">\n\t\t\t\t\t<div class=\"elementor-column elementor-col-100 elementor-top-column elementor-element elementor-element-71bbb4aa\" data-id=\"71bbb4aa\" data-element_type=\"column\" data-e-type=\"column\">\n\t\t\t<div class=\"elementor-widget-wrap elementor-element-populated\">\n\t\t\t\t\t\t<div class=\"elementor-element elementor-element-b8da26b elementor-widget__width-initial elementor-widget elementor-widget-text-editor\" data-id=\"b8da26b\" data-element_type=\"widget\" data-e-type=\"widget\" data-widget_type=\"text-editor.default\">\n\t\t\t\t<div class=\"elementor-widget-container\">\n\t\t\t\t\t\t\t\t\t<p>\u00a0<\/p><h2 style=\"text-align: center;\"><strong>\u1ee6y vi\u00ean CRHA<\/strong><\/h2><p>CRHA \u0111\u01b0\u1ee3c qu\u1ea3n l\u00fd b\u1edfi m\u1ed9t H\u1ed9i \u0111\u1ed3ng \u1ee6y vi\u00ean g\u1ed3m b\u1ea3y th\u00e0nh vi\u00ean, do H\u1ed9i \u0111\u1ed3ng Th\u00e0nh ph\u1ed1 Charlottesville b\u1ed5 nhi\u1ec7m. Hai trong s\u1ed1 c\u00e1c \u1ee6y vi\u00ean l\u00e0 c\u01b0 d\u00e2n nh\u00e0 \u1edf c\u00f4ng c\u1ed9ng, m\u1ed9t l\u00e0 Ngh\u1ecb vi\u00ean Th\u00e0nh ph\u1ed1 v\u00e0 b\u1ed1n ng\u01b0\u1eddi c\u00f2n l\u1ea1i l\u00e0 th\u00e0nh vi\u00ean c\u1ed9ng \u0111\u1ed3ng n\u00f3i chung. C\u00e1c \u1ee6y vi\u00ean hi\u1ec7n t\u1ea1i l\u00e0:<\/p><p style=\"text-align: center;\"><strong>Ch\u1ee7 t\u1ecbch-\u00a0<\/strong><\/p><p style=\"text-align: center;\"><strong>Ph\u00f3 Ch\u1ee7 t\u1ecbch \u2013 C\u00f4 Brigid Wicks<\/strong>&#8211; <a href=\"\/vi\/brigid.wicks@gmail.com\/\">e-mail<\/a><\/p><p style=\"text-align: center;\"><strong>Earl Hicks-<\/strong>\u00a0 <a href=\"\/vi\/hicksearl12@gmail.com\/\">e-mail<\/a><\/p><p><strong>\u00a0 \u00a0 \u00a0 \u00a0 \u00a0 \u00a0 \u00a0 \u00a0 \u00a0 \u00a0 \u00a0 \u00a0 \u00a0 \u00a0 \u00a0 \u00a0 \u00a0 \u00a0 \u00a0 \u00a0 \u00a0 \u00a0 \u00a0 \u00a0 \u00a0 \u00a0 \u00a0 \u00a0 \u00a0 \u00a0 \u00a0 \u00a0 \u00a0 \u00a0 \u00a0 \u00a0 \u00a0 \u00a0 \u00a0 \u00a0 \u00a0 \u00a0 \u00a0 \u00a0 \u00a0 \u00a0 \u00a0 \u00a0 \u00a0 \u00a0\u1ee6y vi\u00ean th\u01b0\u1eddng tr\u00fa\u00a0<\/strong>\u2013 Tr\u1ed1ng<\/p><p style=\"text-align: center;\"><strong>Javier Raudales \u2013<a href=\"\/vi\/javy.r123@gmail.com\/\">\u00a0<\/a><\/strong><a href=\"\/vi\/javy.r123@gmail.com\/\">e-mail\u00a0<\/a><\/p><p style=\"text-align: center;\"><strong>Gillet Rosenblith\u00a0<\/strong>&#8211; <a href=\"\/vi\/gillet.rosenblith@gmail.com\/\">e-mail<\/a><\/p><p style=\"text-align: center;\"><strong>Lise Clavel<\/strong> &#8211; <a href=\"\/vi\/lise.clavel@gmail.com\/\">e-mail<\/a><\/p><p style=\"text-align: center;\"><strong>Michael Payne<\/strong> \u2013 \u0110\u1ea1i di\u1ec7n H\u1ed9i \u0111\u1ed3ng Th\u00e0nh ph\u1ed1 \u2013 <a href=\"\/vi\/mpayne@charlottesville.gov\/\">e-mail<\/a><\/p><p style=\"text-align: center;\">\u00a0<\/p><p><em>L\u01b0u \u00fd: nh\u1eefng \u1ee6y vi\u00ean n\u00e0y c\u0169ng l\u00e0 th\u00e0nh vi\u00ean H\u1ed9i \u0111\u1ed3ng qu\u1ea3n tr\u1ecb c\u1ee7a T\u1eadp \u0111o\u00e0n ph\u00e1t tri\u1ec3n c\u1ed9ng \u0111\u1ed3ng Charlottesville (CCDC), m\u1ed9t t\u1ed5 ch\u1ee9c trung gian phi l\u1ee3i nhu\u1eadn c\u1ee7a CRHA ch\u1ecbu tr\u00e1ch nhi\u1ec7m v\u1ec1 c\u00e1c ho\u1ea1t \u0111\u1ed9ng li\u00ean quan \u0111\u1ebfn t\u00e1i ph\u00e1t tri\u1ec3n.<\/em><\/p><h2 style=\"text-align: center;\"><strong>\u0110\u1ed9i ng\u0169 qu\u1ea3n l\u00fd CRHA<\/strong><\/h2><p><b>Mr. John Sales, Executive Director<\/b> &#8211; email <a href=\"mailto:salesj@cvillerha.com\">\u0111\u00e2y<\/a><\/p><p style=\"text-align: left;\"><b>Mrs. Kathleen Glenn-Matthews, Deputy Executive Director<\/b> &#8211; email <a href=\"mailto:matthewsk@cvillerha.com\">\u0111\u00e2y<\/a><\/p><p style=\"text-align: left;\"><b>TC Nichols, Controller <\/b>&#8211; email <a href=\"mailto:nicholst@cvillerha.com\">\u0111\u00e2y<\/a><\/p><p style=\"text-align: left;\"><strong>M\u1ede<\/strong> - Qu\u1ea3n l\u00fd Phi\u1ebfu l\u1ef1a ch\u1ecdn nh\u00e0 \u1edf<\/p><p style=\"text-align: left;\"><strong>M\u1ede<\/strong> \u2013 Gi\u00e1m \u0111\u1ed1c Nh\u00e0 \u1edf c\u00f4ng c\u1ed9ng<\/p><p style=\"text-align: left;\" align=\"center\"><b>Robert Harvey, Director of Facilities and Maintenance <\/b>\u2013 email <a href=\"\/vi\/Harveyr@cvillerha.com\/\">\u0111\u00e2y\u00a0<\/a><\/p><p style=\"text-align: left;\" align=\"center\"><b>Quentia Taylor, Development Manager<\/b> \u2013 email <a href=\"\/vi\/taylorq@cvillerha.com\/\">\u0111\u00e2y\u00a0<\/a><\/p><p style=\"text-align: left;\" align=\"center\"><b>TerAna Banks, Compliance Manager <\/b>\u2013 email <a href=\"\/vi\/banksterana@cvillerha.com\/\">\u0111\u00e2y\u00a0<\/a><\/p><p style=\"text-align: left;\"><b>Dottie\u00a0Norris, HR Coordinator<\/b>\u00a0 &#8211; email <a href=\"mailto:Norrisds@cvillerha.com\">\u0111\u00e2y<\/a><\/p>\t\t\t\t\t\t\t\t<\/div>\n\t\t\t\t<\/div>\n\t\t\t\t\t<\/div>\n\t\t<\/div>\n\t\t\t\t\t<\/div>\n\t\t<\/section>\n\t\t\t\t<\/div>","protected":false},"excerpt":{"rendered":"<p>\u00a0 CRHA Commissioners CRHA is governed by a seven-member Board of Commissioners, appointed by Charlottesville City Council.\u00a0 Two of the Commissioners are public housing residents, one is a City Councilor, and the other four are at-large community members.\u00a0 The current Commissioners are: Chair-\u00a0 Vice Chair &#8211; Ms. Brigid Wicks&#8211; e-mail Earl Hicks-\u00a0 e-mail \u00a0 \u00a0 [&hellip;]<\/p>\n","protected":false},"author":1,"featured_media":0,"parent":0,"menu_order":0,"comment_status":"closed","ping_status":"closed","template":"","meta":{"postBodyCss":"","postBodyMargin":[],"postBodyPadding":[],"postBodyBackground":{"backgroundType":"classic","gradient":""},"footnotes":""},"class_list":["post-140","page","type-page","status-publish","hentry"],"_links":{"self":[{"href":"https:\/\/cvillerha.com\/vi\/wp-json\/wp\/v2\/pages\/140","targetHints":{"allow":["GET"]}}],"collection":[{"href":"https:\/\/cvillerha.com\/vi\/wp-json\/wp\/v2\/pages"}],"about":[{"href":"https:\/\/cvillerha.com\/vi\/wp-json\/wp\/v2\/types\/page"}],"author":[{"embeddable":true,"href":"https:\/\/cvillerha.com\/vi\/wp-json\/wp\/v2\/users\/1"}],"replies":[{"embeddable":true,"href":"https:\/\/cvillerha.com\/vi\/wp-json\/wp\/v2\/comments?post=140"}],"version-history":[{"count":47,"href":"https:\/\/cvillerha.com\/vi\/wp-json\/wp\/v2\/pages\/140\/revisions"}],"predecessor-version":[{"id":4864,"href":"https:\/\/cvillerha.com\/vi\/wp-json\/wp\/v2\/pages\/140\/revisions\/4864"}],"wp:attachment":[{"href":"https:\/\/cvillerha.com\/vi\/wp-json\/wp\/v2\/media?parent=140"}],"curies":[{"name":"wp","href":"https:\/\/api.w.org\/{rel}","templated":true}]}}